{"id":971,"date":"2021-08-25T17:05:25","date_gmt":"2021-08-25T15:05:25","guid":{"rendered":"https:\/\/lumynescence.fr\/?page_id=971"},"modified":"2025-01-21T20:06:20","modified_gmt":"2025-01-21T19:06:20","slug":"l5-management-drives","status":"publish","type":"page","link":"https:\/\/lumynescence.fr\/index.php\/l5-management-drives\/","title":{"rendered":"L5-Management drives &#8211; un outil de communication"},"content":{"rendered":"\t\t<div data-elementor-type=\"wp-page\" data-elementor-id=\"971\" class=\"elementor elementor-971\" data-elementor-post-type=\"page\">\n\t\t\t\t\t\t<section class=\"elementor-section elementor-top-section elementor-element elementor-element-ab144eb elementor-section-full_width elementor-section-stretched elementor-section-height-default elementor-section-height-default\" data-id=\"ab144eb\" data-element_type=\"section\" data-e-type=\"section\" data-settings=\"{&quot;stretch_section&quot;:&quot;section-stretched&quot;}\">\n\t\t\t\t\t\t<div class=\"elementor-container elementor-column-gap-default\">\n\t\t\t\t\t<div class=\"elementor-column elementor-col-100 elementor-top-column elementor-element elementor-element-45fec24\" data-id=\"45fec24\" data-element_type=\"column\" data-e-type=\"column\">\n\t\t\t<div class=\"elementor-widget-wrap elementor-element-populated\">\n\t\t\t\t\t\t<div class=\"elementor-element elementor-element-6606151 elementor-widget elementor-widget-heading\" data-id=\"6606151\" data-element_type=\"widget\" data-e-type=\"widget\" data-widget_type=\"heading.default\">\n\t\t\t\t<div class=\"elementor-widget-container\">\n\t\t\t\t\t<h2 class=\"elementor-heading-title elementor-size-default\">Management drives - un outil de communication<\/h2>\t\t\t\t<\/div>\n\t\t\t\t<\/div>\n\t\t\t\t\t<\/div>\n\t\t<\/div>\n\t\t\t\t\t<\/div>\n\t\t<\/section>\n\t\t\t\t<section class=\"elementor-section elementor-top-section elementor-element elementor-element-3ec96c6d elementor-section-boxed elementor-section-height-default elementor-section-height-default\" data-id=\"3ec96c6d\" data-element_type=\"section\" data-e-type=\"section\">\n\t\t\t\t\t\t<div class=\"elementor-container elementor-column-gap-default\">\n\t\t\t\t\t<div class=\"elementor-column elementor-col-100 elementor-top-column elementor-element elementor-element-7f5bee1b\" data-id=\"7f5bee1b\" data-element_type=\"column\" data-e-type=\"column\">\n\t\t\t<div class=\"elementor-widget-wrap elementor-element-populated\">\n\t\t\t\t\t\t<div class=\"elementor-element elementor-element-6348335 elementor-widget elementor-widget-text-editor\" data-id=\"6348335\" data-element_type=\"widget\" data-e-type=\"widget\" data-widget_type=\"text-editor.default\">\n\t\t\t\t<div class=\"elementor-widget-container\">\n\t\t\t\t\t\t\t\t\t<p><\/p>\n<p class=\"has-huge-font-size\">\u00a0<\/p>\n<p><\/p>\n<p><\/p>\n<div class=\"wp-block-image\">\n<figure class=\"aligncenter size-full\"><img fetchpriority=\"high\" decoding=\"async\" width=\"375\" height=\"348\" class=\"wp-image-1193\" src=\"https:\/\/lumynescence.fr\/wp-content\/uploads\/2022\/08\/MD-logo.png\" alt=\"\" srcset=\"https:\/\/lumynescence.fr\/wp-content\/uploads\/2022\/08\/MD-logo.png 375w, https:\/\/lumynescence.fr\/wp-content\/uploads\/2022\/08\/MD-logo-300x278.png 300w\" sizes=\"(max-width: 375px) 100vw, 375px\" \/><\/figure>\n<\/div>\n<p><\/p>\n<p><\/p>\n<p>\u00a0<\/p>\n<p><\/p>\n<p><\/p>\n<p><\/p>\t\t\t\t\t\t\t\t<\/div>\n\t\t\t\t<\/div>\n\t\t\t\t<div class=\"elementor-element elementor-element-714a390 elementor-tabs-view-horizontal elementor-widget elementor-widget-tabs\" data-id=\"714a390\" data-element_type=\"widget\" data-e-type=\"widget\" data-widget_type=\"tabs.default\">\n\t\t\t\t<div class=\"elementor-widget-container\">\n\t\t\t\t\t\t\t<div class=\"elementor-tabs\">\n\t\t\t<div class=\"elementor-tabs-wrapper\" role=\"tablist\" >\n\t\t\t\t\t\t\t\t\t<div id=\"elementor-tab-title-1181\" class=\"elementor-tab-title elementor-tab-desktop-title\" aria-selected=\"true\" data-tab=\"1\" role=\"tab\" tabindex=\"0\" aria-controls=\"elementor-tab-content-1181\" aria-expanded=\"false\">Management Drives<\/div>\n\t\t\t\t\t\t\t\t\t<div id=\"elementor-tab-title-1182\" class=\"elementor-tab-title elementor-tab-desktop-title\" aria-selected=\"false\" data-tab=\"2\" role=\"tab\" tabindex=\"-1\" aria-controls=\"elementor-tab-content-1182\" aria-expanded=\"false\">L'offre<\/div>\n\t\t\t\t\t\t\t<\/div>\n\t\t\t<div class=\"elementor-tabs-content-wrapper\" role=\"tablist\" aria-orientation=\"vertical\">\n\t\t\t\t\t\t\t\t\t<div class=\"elementor-tab-title elementor-tab-mobile-title\" aria-selected=\"true\" data-tab=\"1\" role=\"tab\" tabindex=\"0\" aria-controls=\"elementor-tab-content-1181\" aria-expanded=\"false\">Management Drives<\/div>\n\t\t\t\t\t<div id=\"elementor-tab-content-1181\" class=\"elementor-tab-content elementor-clearfix\" data-tab=\"1\" role=\"tabpanel\" aria-labelledby=\"elementor-tab-title-1181\" tabindex=\"0\" hidden=\"false\"><p>C\u2019est avant tout un outil de diagnostic qui permet de <em>(re)conna\u00eetre ses motivations au travail<\/em>.<\/p>\n<p><!-- \/wp:paragraph --><\/p>\n<p><!-- wp:paragraph --><\/p>\n<p>Il existe 6 motivations universelles qui peuvent nous donner de l\u2019\u00e9lan et nous mettre en mouvement\u00a0:<\/p>\n<h5 style=\"text-align: center;\">la coop\u00e9raTIon<\/h5>\n<p><img decoding=\"async\" class=\"wp-image-1205 size-large aligncenter\" src=\"https:\/\/lumynescence.fr\/wp-content\/uploads\/2022\/08\/T1-fauxels-3182783-1024x683.png\" alt=\"\" width=\"525\" height=\"350\" srcset=\"https:\/\/lumynescence.fr\/wp-content\/uploads\/2022\/08\/T1-fauxels-3182783-1024x683.png 1024w, https:\/\/lumynescence.fr\/wp-content\/uploads\/2022\/08\/T1-fauxels-3182783-300x200.png 300w, https:\/\/lumynescence.fr\/wp-content\/uploads\/2022\/08\/T1-fauxels-3182783-768x512.png 768w, https:\/\/lumynescence.fr\/wp-content\/uploads\/2022\/08\/T1-fauxels-3182783-1536x1024.png 1536w, https:\/\/lumynescence.fr\/wp-content\/uploads\/2022\/08\/T1-fauxels-3182783.png 1773w\" sizes=\"(max-width: 525px) 100vw, 525px\" \/><\/p>\n<h5 style=\"text-align: center;\">La curiosit\u00e9<\/h5>\n<p><img decoding=\"async\" class=\"wp-image-1207 size-large aligncenter\" src=\"https:\/\/lumynescence.fr\/wp-content\/uploads\/2022\/08\/T1-allan-mas-5623729-1024x683.png\" alt=\"\" width=\"525\" height=\"350\" srcset=\"https:\/\/lumynescence.fr\/wp-content\/uploads\/2022\/08\/T1-allan-mas-5623729-1024x683.png 1024w, https:\/\/lumynescence.fr\/wp-content\/uploads\/2022\/08\/T1-allan-mas-5623729-300x200.png 300w, https:\/\/lumynescence.fr\/wp-content\/uploads\/2022\/08\/T1-allan-mas-5623729-768x512.png 768w, https:\/\/lumynescence.fr\/wp-content\/uploads\/2022\/08\/T1-allan-mas-5623729-1536x1024.png 1536w, https:\/\/lumynescence.fr\/wp-content\/uploads\/2022\/08\/T1-allan-mas-5623729.png 1773w\" sizes=\"(max-width: 525px) 100vw, 525px\" \/><\/p>\n<h5 style=\"text-align: center;\">L\u2019atteinte d\u2019objectifs<\/h5>\n<p><img loading=\"lazy\" decoding=\"async\" class=\"aligncenter wp-image-1201 size-large\" src=\"https:\/\/lumynescence.fr\/wp-content\/uploads\/2022\/08\/T1-nina-uhlikova-725255-1024x768.png\" alt=\"\" width=\"525\" height=\"394\" srcset=\"https:\/\/lumynescence.fr\/wp-content\/uploads\/2022\/08\/T1-nina-uhlikova-725255-1024x768.png 1024w, https:\/\/lumynescence.fr\/wp-content\/uploads\/2022\/08\/T1-nina-uhlikova-725255-300x225.png 300w, https:\/\/lumynescence.fr\/wp-content\/uploads\/2022\/08\/T1-nina-uhlikova-725255-768x576.png 768w, https:\/\/lumynescence.fr\/wp-content\/uploads\/2022\/08\/T1-nina-uhlikova-725255-1536x1152.png 1536w, https:\/\/lumynescence.fr\/wp-content\/uploads\/2022\/08\/T1-nina-uhlikova-725255.png 1672w\" sizes=\"(max-width: 525px) 100vw, 525px\" \/><\/p>\n<h5 style=\"text-align: center;\">L\u2019organisation<\/h5>\n<p><img loading=\"lazy\" decoding=\"async\" class=\"aligncenter wp-image-1209\" src=\"https:\/\/lumynescence.fr\/wp-content\/uploads\/2022\/08\/T1-tatiana-syrikova-3975570-200x300.png\" alt=\"\" width=\"300\" height=\"450\" srcset=\"https:\/\/lumynescence.fr\/wp-content\/uploads\/2022\/08\/T1-tatiana-syrikova-3975570-200x300.png 200w, https:\/\/lumynescence.fr\/wp-content\/uploads\/2022\/08\/T1-tatiana-syrikova-3975570-683x1024.png 683w, https:\/\/lumynescence.fr\/wp-content\/uploads\/2022\/08\/T1-tatiana-syrikova-3975570-768x1152.png 768w, https:\/\/lumynescence.fr\/wp-content\/uploads\/2022\/08\/T1-tatiana-syrikova-3975570-1024x1536.png 1024w, https:\/\/lumynescence.fr\/wp-content\/uploads\/2022\/08\/T1-tatiana-syrikova-3975570.png 1182w\" sizes=\"(max-width: 300px) 100vw, 300px\" \/><\/p>\n<h5 style=\"text-align: center;\">La prise de d\u00e9cision<\/h5>\n<p><img loading=\"lazy\" decoding=\"async\" class=\"aligncenter wp-image-1199 size-large\" src=\"https:\/\/lumynescence.fr\/wp-content\/uploads\/2022\/08\/T1-pixabay-163291-1024x684.png\" alt=\"\" width=\"525\" height=\"351\" srcset=\"https:\/\/lumynescence.fr\/wp-content\/uploads\/2022\/08\/T1-pixabay-163291-1024x684.png 1024w, https:\/\/lumynescence.fr\/wp-content\/uploads\/2022\/08\/T1-pixabay-163291-300x200.png 300w, https:\/\/lumynescence.fr\/wp-content\/uploads\/2022\/08\/T1-pixabay-163291-768x513.png 768w, https:\/\/lumynescence.fr\/wp-content\/uploads\/2022\/08\/T1-pixabay-163291-1536x1025.png 1536w, https:\/\/lumynescence.fr\/wp-content\/uploads\/2022\/08\/T1-pixabay-163291.png 1772w\" sizes=\"(max-width: 525px) 100vw, 525px\" \/><\/p>\n<h5 style=\"text-align: center;\">La confiance<\/h5>\n<p><img loading=\"lazy\" decoding=\"async\" class=\"aligncenter wp-image-1211 size-large\" src=\"https:\/\/lumynescence.fr\/wp-content\/uploads\/2022\/08\/T1-nandhu-kumar-312839-1024x683.png\" alt=\"\" width=\"525\" height=\"350\" srcset=\"https:\/\/lumynescence.fr\/wp-content\/uploads\/2022\/08\/T1-nandhu-kumar-312839-1024x683.png 1024w, https:\/\/lumynescence.fr\/wp-content\/uploads\/2022\/08\/T1-nandhu-kumar-312839-300x200.png 300w, https:\/\/lumynescence.fr\/wp-content\/uploads\/2022\/08\/T1-nandhu-kumar-312839-768x512.png 768w, https:\/\/lumynescence.fr\/wp-content\/uploads\/2022\/08\/T1-nandhu-kumar-312839-1536x1024.png 1536w, https:\/\/lumynescence.fr\/wp-content\/uploads\/2022\/08\/T1-nandhu-kumar-312839.png 1773w\" sizes=\"(max-width: 525px) 100vw, 525px\" \/><\/p>\n<p>Ces motivations s\u2019activent, ou pas, face aux situations ce qui nous permet soit effectivement d\u2019aller de l\u2019avant soit nous emp\u00eachent d\u2019avancer d\u00e8s lors qu\u2019elles nous apparaissent comme \u2018n\u00e9gatives\u2019.<br \/>L\u2019objectif de cet outil est de pouvoir prendre appui sur ses propres motivations, prendre conscience de celles qui nous irritent, de l\u2019\u00e9nergie qu\u2019elles peuvent nous apporter, ou au contraire, nous prendre et enfin comment nous faisons face aux situations de stress au regard de nos motivations.<\/p>\n<table>\n<tbody>\n<tr data-wp-editing=\"1\">\n<td><img loading=\"lazy\" decoding=\"async\" class=\"alignleft wp-image-979\" src=\"https:\/\/lumynescence.fr\/wp-content\/uploads\/2021\/08\/Profil_Individuel.png\" alt=\"\" width=\"1200\" height=\"900\" srcset=\"https:\/\/lumynescence.fr\/wp-content\/uploads\/2021\/08\/Profil_Individuel.png 3000w, https:\/\/lumynescence.fr\/wp-content\/uploads\/2021\/08\/Profil_Individuel-300x225.png 300w, https:\/\/lumynescence.fr\/wp-content\/uploads\/2021\/08\/Profil_Individuel-1024x768.png 1024w, https:\/\/lumynescence.fr\/wp-content\/uploads\/2021\/08\/Profil_Individuel-768x576.png 768w, https:\/\/lumynescence.fr\/wp-content\/uploads\/2021\/08\/Profil_Individuel-1536x1152.png 1536w, https:\/\/lumynescence.fr\/wp-content\/uploads\/2021\/08\/Profil_Individuel-2048x1536.png 2048w\" sizes=\"(max-width: 1200px) 100vw, 1200px\" \/><\/td>\n<td>J\u2019aime particuli\u00e8rement utiliser cet outil de diagnostic car il permet de voir, \u00e0 un instant T, nos propres modes de fonctionnement et par cons\u00e9quent, les relations que cela peut g\u00e9n\u00e9rer chez les autres. Il ne peut, en outre, y avoir de jugement de valeur puisque nous sommes sur des motivations et non des comp\u00e9tences.<\/td>\n<\/tr>\n<\/tbody>\n<\/table>\n<p>Management Drives nous permet d\u2019identifier nos principales motivations ET de mieux comprendre les interactions avec les autres.<br \/>De ce fait Management Drives va permettre l\u2019optimisation des relations dans l\u2019entreprise et plus globalement, dans toutes les interactions professionnelles et personnelles.<\/p>\n<p>Enfin, il est possible de g\u00e9n\u00e9rer des profils d\u2019\u00e9quipe et de voir, de ce fait, comment fonctionne un groupe avec ses points de motivations, son \u00e9nergie et les axes d\u2019am\u00e9lioration possibles.<\/p>\n<p><img loading=\"lazy\" decoding=\"async\" class=\"aligncenter wp-image-1203 size-large\" src=\"https:\/\/lumynescence.fr\/wp-content\/uploads\/2022\/08\/T1-fauxels-3184418-1024x683.png\" alt=\"\" width=\"525\" height=\"350\" srcset=\"https:\/\/lumynescence.fr\/wp-content\/uploads\/2022\/08\/T1-fauxels-3184418-1024x683.png 1024w, https:\/\/lumynescence.fr\/wp-content\/uploads\/2022\/08\/T1-fauxels-3184418-300x200.png 300w, https:\/\/lumynescence.fr\/wp-content\/uploads\/2022\/08\/T1-fauxels-3184418-768x512.png 768w, https:\/\/lumynescence.fr\/wp-content\/uploads\/2022\/08\/T1-fauxels-3184418-1536x1024.png 1536w, https:\/\/lumynescence.fr\/wp-content\/uploads\/2022\/08\/T1-fauxels-3184418.png 1773w\" sizes=\"(max-width: 525px) 100vw, 525px\" \/><\/p><\/div>\n\t\t\t\t\t\t\t\t\t<div class=\"elementor-tab-title elementor-tab-mobile-title\" aria-selected=\"false\" data-tab=\"2\" role=\"tab\" tabindex=\"-1\" aria-controls=\"elementor-tab-content-1182\" aria-expanded=\"false\">L'offre<\/div>\n\t\t\t\t\t<div id=\"elementor-tab-content-1182\" class=\"elementor-tab-content elementor-clearfix\" data-tab=\"2\" role=\"tabpanel\" aria-labelledby=\"elementor-tab-title-1182\" tabindex=\"0\" hidden=\"hidden\"><p>Offre en individuel\u00a0: 250\u20ac le profil + le d\u00e9briefing de 1h avec une coache certifi\u00e9e<\/p>\n<p><!-- \/wp:paragraph --><\/p>\n<p><!-- wp:paragraph --><\/p>\n<p>Offre entreprise : nous consulter.<\/p><\/div>\n\t\t\t\t\t\t\t<\/div>\n\t\t<\/div>\n\t\t\t\t\t\t<\/div>\n\t\t\t\t<\/div>\n\t\t\t\t\t<\/div>\n\t\t<\/div>\n\t\t\t\t\t<\/div>\n\t\t<\/section>\n\t\t\t\t<\/div>\n\t\t","protected":false},"excerpt":{"rendered":"<p>Management drives &#8211; un outil de communication \u00a0 \u00a0 Management Drives L&rsquo;offre Management Drives C\u2019est avant tout un outil de diagnostic qui permet de (re)conna\u00eetre ses motivations au travail. Il existe 6 motivations universelles qui peuvent nous donner de l\u2019\u00e9lan et nous mettre en mouvement\u00a0: la coop\u00e9raTIon La curiosit\u00e9 L\u2019atteinte d\u2019objectifs L\u2019organisation La prise de [&hellip;]<\/p>\n","protected":false},"author":1,"featured_media":0,"parent":0,"menu_order":0,"comment_status":"closed","ping_status":"closed","template":"","meta":{"footnotes":""},"class_list":["post-971","page","type-page","status-publish","hentry"],"aioseo_notices":[],"yoast_head":"<!-- This site is optimized with the Yoast SEO plugin v27.3 - https:\/\/yoast.com\/product\/yoast-seo-wordpress\/ -->\n<title>L5-Management drives - un outil de communication -<\/title>\n<meta name=\"description\" content=\"Remettre l&#039;Humain au Coeur de l&#039;entreprise\" \/>\n<meta name=\"robots\" content=\"index, follow, max-snippet:-1, max-image-preview:large, max-video-preview:-1\" \/>\n<link rel=\"canonical\" href=\"https:\/\/lumynescence.fr\/index.php\/l5-management-drives\/\" \/>\n<meta property=\"og:locale\" content=\"fr_FR\" \/>\n<meta property=\"og:type\" content=\"article\" \/>\n<meta property=\"og:title\" content=\"L5-Management drives - un outil de communication -\" \/>\n<meta property=\"og:description\" content=\"Remettre l&#039;Humain au Coeur de l&#039;entreprise\" \/>\n<meta property=\"og:url\" content=\"https:\/\/lumynescence.fr\/index.php\/l5-management-drives\/\" \/>\n<meta property=\"article:modified_time\" content=\"2025-01-21T19:06:20+00:00\" \/>\n<meta property=\"og:image\" content=\"https:\/\/lumynescence.fr\/wp-content\/uploads\/2022\/08\/MD-logo.png\" \/>\n<meta name=\"twitter:card\" content=\"summary_large_image\" \/>\n<meta name=\"twitter:label1\" content=\"Dur\u00e9e de lecture estim\u00e9e\" \/>\n\t<meta name=\"twitter:data1\" content=\"4 minutes\" \/>\n<script type=\"application\/ld+json\" class=\"yoast-schema-graph\">{\"@context\":\"https:\\\/\\\/schema.org\",\"@graph\":[{\"@type\":\"WebPage\",\"@id\":\"https:\\\/\\\/lumynescence.fr\\\/index.php\\\/l5-management-drives\\\/\",\"url\":\"https:\\\/\\\/lumynescence.fr\\\/index.php\\\/l5-management-drives\\\/\",\"name\":\"L5-Management drives - un outil de communication -\",\"isPartOf\":{\"@id\":\"https:\\\/\\\/lumynescence.fr\\\/#website\"},\"primaryImageOfPage\":{\"@id\":\"https:\\\/\\\/lumynescence.fr\\\/index.php\\\/l5-management-drives\\\/#primaryimage\"},\"image\":{\"@id\":\"https:\\\/\\\/lumynescence.fr\\\/index.php\\\/l5-management-drives\\\/#primaryimage\"},\"thumbnailUrl\":\"https:\\\/\\\/lumynescence.fr\\\/wp-content\\\/uploads\\\/2022\\\/08\\\/MD-logo.png\",\"datePublished\":\"2021-08-25T15:05:25+00:00\",\"dateModified\":\"2025-01-21T19:06:20+00:00\",\"description\":\"Remettre l'Humain au Coeur de l'entreprise\",\"breadcrumb\":{\"@id\":\"https:\\\/\\\/lumynescence.fr\\\/index.php\\\/l5-management-drives\\\/#breadcrumb\"},\"inLanguage\":\"fr-FR\",\"potentialAction\":[{\"@type\":\"ReadAction\",\"target\":[\"https:\\\/\\\/lumynescence.fr\\\/index.php\\\/l5-management-drives\\\/\"]}]},{\"@type\":\"ImageObject\",\"inLanguage\":\"fr-FR\",\"@id\":\"https:\\\/\\\/lumynescence.fr\\\/index.php\\\/l5-management-drives\\\/#primaryimage\",\"url\":\"https:\\\/\\\/lumynescence.fr\\\/wp-content\\\/uploads\\\/2022\\\/08\\\/MD-logo.png\",\"contentUrl\":\"https:\\\/\\\/lumynescence.fr\\\/wp-content\\\/uploads\\\/2022\\\/08\\\/MD-logo.png\",\"width\":375,\"height\":348},{\"@type\":\"BreadcrumbList\",\"@id\":\"https:\\\/\\\/lumynescence.fr\\\/index.php\\\/l5-management-drives\\\/#breadcrumb\",\"itemListElement\":[{\"@type\":\"ListItem\",\"position\":1,\"name\":\"Accueil\",\"item\":\"https:\\\/\\\/lumynescence.fr\\\/\"},{\"@type\":\"ListItem\",\"position\":2,\"name\":\"L5-Management drives &#8211; un outil de communication\"}]},{\"@type\":\"WebSite\",\"@id\":\"https:\\\/\\\/lumynescence.fr\\\/#website\",\"url\":\"https:\\\/\\\/lumynescence.fr\\\/\",\"name\":\"\",\"description\":\"\",\"publisher\":{\"@id\":\"https:\\\/\\\/lumynescence.fr\\\/#organization\"},\"potentialAction\":[{\"@type\":\"SearchAction\",\"target\":{\"@type\":\"EntryPoint\",\"urlTemplate\":\"https:\\\/\\\/lumynescence.fr\\\/?s={search_term_string}\"},\"query-input\":{\"@type\":\"PropertyValueSpecification\",\"valueRequired\":true,\"valueName\":\"search_term_string\"}}],\"inLanguage\":\"fr-FR\"},{\"@type\":\"Organization\",\"@id\":\"https:\\\/\\\/lumynescence.fr\\\/#organization\",\"name\":\"LumYnescence\",\"url\":\"https:\\\/\\\/lumynescence.fr\\\/\",\"logo\":{\"@type\":\"ImageObject\",\"inLanguage\":\"fr-FR\",\"@id\":\"https:\\\/\\\/lumynescence.fr\\\/#\\\/schema\\\/logo\\\/image\\\/\",\"url\":\"http:\\\/\\\/lumynescence.fr\\\/wp-content\\\/uploads\\\/2019\\\/06\\\/Logo-Luminescence-Carr\u00e9-Centr\u00e9.png\",\"contentUrl\":\"http:\\\/\\\/lumynescence.fr\\\/wp-content\\\/uploads\\\/2019\\\/06\\\/Logo-Luminescence-Carr\u00e9-Centr\u00e9.png\",\"width\":300,\"height\":300,\"caption\":\"LumYnescence\"},\"image\":{\"@id\":\"https:\\\/\\\/lumynescence.fr\\\/#\\\/schema\\\/logo\\\/image\\\/\"},\"sameAs\":[\"http:\\\/\\\/linkedin.com\\\/in\\\/c\u00e9cile-fontaine-8b40b287\"]}]}<\/script>\n<!-- \/ Yoast SEO plugin. -->","yoast_head_json":{"title":"L5-Management drives - un outil de communication -","description":"Remettre l'Humain au Coeur de l'entreprise","robots":{"index":"index","follow":"follow","max-snippet":"max-snippet:-1","max-image-preview":"max-image-preview:large","max-video-preview":"max-video-preview:-1"},"canonical":"https:\/\/lumynescence.fr\/index.php\/l5-management-drives\/","og_locale":"fr_FR","og_type":"article","og_title":"L5-Management drives - un outil de communication -","og_description":"Remettre l'Humain au Coeur de l'entreprise","og_url":"https:\/\/lumynescence.fr\/index.php\/l5-management-drives\/","article_modified_time":"2025-01-21T19:06:20+00:00","og_image":[{"url":"https:\/\/lumynescence.fr\/wp-content\/uploads\/2022\/08\/MD-logo.png","type":"","width":"","height":""}],"twitter_card":"summary_large_image","twitter_misc":{"Dur\u00e9e de lecture estim\u00e9e":"4 minutes"},"schema":{"@context":"https:\/\/schema.org","@graph":[{"@type":"WebPage","@id":"https:\/\/lumynescence.fr\/index.php\/l5-management-drives\/","url":"https:\/\/lumynescence.fr\/index.php\/l5-management-drives\/","name":"L5-Management drives - un outil de communication -","isPartOf":{"@id":"https:\/\/lumynescence.fr\/#website"},"primaryImageOfPage":{"@id":"https:\/\/lumynescence.fr\/index.php\/l5-management-drives\/#primaryimage"},"image":{"@id":"https:\/\/lumynescence.fr\/index.php\/l5-management-drives\/#primaryimage"},"thumbnailUrl":"https:\/\/lumynescence.fr\/wp-content\/uploads\/2022\/08\/MD-logo.png","datePublished":"2021-08-25T15:05:25+00:00","dateModified":"2025-01-21T19:06:20+00:00","description":"Remettre l'Humain au Coeur de l'entreprise","breadcrumb":{"@id":"https:\/\/lumynescence.fr\/index.php\/l5-management-drives\/#breadcrumb"},"inLanguage":"fr-FR","potentialAction":[{"@type":"ReadAction","target":["https:\/\/lumynescence.fr\/index.php\/l5-management-drives\/"]}]},{"@type":"ImageObject","inLanguage":"fr-FR","@id":"https:\/\/lumynescence.fr\/index.php\/l5-management-drives\/#primaryimage","url":"https:\/\/lumynescence.fr\/wp-content\/uploads\/2022\/08\/MD-logo.png","contentUrl":"https:\/\/lumynescence.fr\/wp-content\/uploads\/2022\/08\/MD-logo.png","width":375,"height":348},{"@type":"BreadcrumbList","@id":"https:\/\/lumynescence.fr\/index.php\/l5-management-drives\/#breadcrumb","itemListElement":[{"@type":"ListItem","position":1,"name":"Accueil","item":"https:\/\/lumynescence.fr\/"},{"@type":"ListItem","position":2,"name":"L5-Management drives &#8211; un outil de communication"}]},{"@type":"WebSite","@id":"https:\/\/lumynescence.fr\/#website","url":"https:\/\/lumynescence.fr\/","name":"","description":"","publisher":{"@id":"https:\/\/lumynescence.fr\/#organization"},"potentialAction":[{"@type":"SearchAction","target":{"@type":"EntryPoint","urlTemplate":"https:\/\/lumynescence.fr\/?s={search_term_string}"},"query-input":{"@type":"PropertyValueSpecification","valueRequired":true,"valueName":"search_term_string"}}],"inLanguage":"fr-FR"},{"@type":"Organization","@id":"https:\/\/lumynescence.fr\/#organization","name":"LumYnescence","url":"https:\/\/lumynescence.fr\/","logo":{"@type":"ImageObject","inLanguage":"fr-FR","@id":"https:\/\/lumynescence.fr\/#\/schema\/logo\/image\/","url":"http:\/\/lumynescence.fr\/wp-content\/uploads\/2019\/06\/Logo-Luminescence-Carr\u00e9-Centr\u00e9.png","contentUrl":"http:\/\/lumynescence.fr\/wp-content\/uploads\/2019\/06\/Logo-Luminescence-Carr\u00e9-Centr\u00e9.png","width":300,"height":300,"caption":"LumYnescence"},"image":{"@id":"https:\/\/lumynescence.fr\/#\/schema\/logo\/image\/"},"sameAs":["http:\/\/linkedin.com\/in\/c\u00e9cile-fontaine-8b40b287"]}]}},"_links":{"self":[{"href":"https:\/\/lumynescence.fr\/index.php\/wp-json\/wp\/v2\/pages\/971","targetHints":{"allow":["GET"]}}],"collection":[{"href":"https:\/\/lumynescence.fr\/index.php\/wp-json\/wp\/v2\/pages"}],"about":[{"href":"https:\/\/lumynescence.fr\/index.php\/wp-json\/wp\/v2\/types\/page"}],"author":[{"embeddable":true,"href":"https:\/\/lumynescence.fr\/index.php\/wp-json\/wp\/v2\/users\/1"}],"replies":[{"embeddable":true,"href":"https:\/\/lumynescence.fr\/index.php\/wp-json\/wp\/v2\/comments?post=971"}],"version-history":[{"count":59,"href":"https:\/\/lumynescence.fr\/index.php\/wp-json\/wp\/v2\/pages\/971\/revisions"}],"predecessor-version":[{"id":2081,"href":"https:\/\/lumynescence.fr\/index.php\/wp-json\/wp\/v2\/pages\/971\/revisions\/2081"}],"wp:attachment":[{"href":"https:\/\/lumynescence.fr\/index.php\/wp-json\/wp\/v2\/media?parent=971"}],"curies":[{"name":"wp","href":"https:\/\/api.w.org\/{rel}","templated":true}]}}