{"id":461,"date":"2021-06-15T13:54:25","date_gmt":"2021-06-15T11:54:25","guid":{"rendered":"http:\/\/lumynescence.fr\/?page_id=461"},"modified":"2023-06-23T16:02:57","modified_gmt":"2023-06-23T14:02:57","slug":"les-clefs-du-management-intergenerationnelergenerationnel","status":"publish","type":"page","link":"https:\/\/lumynescence.fr\/index.php\/les-clefs-du-management-intergenerationnelergenerationnel\/","title":{"rendered":"Les clefs du management intergenerationnel"},"content":{"rendered":"\t\t<div data-elementor-type=\"wp-page\" data-elementor-id=\"461\" class=\"elementor elementor-461\" data-elementor-post-type=\"page\">\n\t\t\t\t\t\t<section class=\"elementor-section elementor-top-section elementor-element elementor-element-a69077b elementor-section-full_width elementor-section-stretched elementor-section-height-default elementor-section-height-default\" data-id=\"a69077b\" data-element_type=\"section\" data-e-type=\"section\" data-settings=\"{&quot;stretch_section&quot;:&quot;section-stretched&quot;}\">\n\t\t\t\t\t\t<div class=\"elementor-container elementor-column-gap-default\">\n\t\t\t\t\t<div class=\"elementor-column elementor-col-100 elementor-top-column elementor-element elementor-element-0107bde\" data-id=\"0107bde\" data-element_type=\"column\" data-e-type=\"column\">\n\t\t\t<div class=\"elementor-widget-wrap elementor-element-populated\">\n\t\t\t\t\t\t<section class=\"elementor-section elementor-inner-section elementor-element elementor-element-3eafd73 elementor-section-boxed elementor-section-height-default elementor-section-height-default\" data-id=\"3eafd73\" data-element_type=\"section\" data-e-type=\"section\">\n\t\t\t\t\t\t<div class=\"elementor-container elementor-column-gap-default\">\n\t\t\t\t\t<div class=\"elementor-column elementor-col-66 elementor-inner-column elementor-element elementor-element-57b0eed\" data-id=\"57b0eed\" data-element_type=\"column\" data-e-type=\"column\">\n\t\t\t<div class=\"elementor-widget-wrap elementor-element-populated\">\n\t\t\t\t\t\t<div class=\"elementor-element elementor-element-404fe92 elementor-widget elementor-widget-text-editor\" data-id=\"404fe92\" data-element_type=\"widget\" data-e-type=\"widget\" data-widget_type=\"text-editor.default\">\n\t\t\t\t<div class=\"elementor-widget-container\">\n\t\t\t\t\t\t\t\t\t<p><em>Entre le papy-boom et l\u2019arriv\u00e9e sur le march\u00e9 du travail de la g\u00e9n\u00e9ration Y et bient\u00f4t Z, les managers et dirigeants peuvent parfois se poser de nombreuses questions et sont souvent confront\u00e9s \u00e0 des situations de management in\u00e9dites pour eux. Comment faire, face \u00e0 des g\u00e9n\u00e9rations dont nous sommes les \u2018parents\u2019 mais qui, face au travail, nous semblent bien souvent difficiles \u00e0 comprendre et de ce fait \u00e0 manager.<\/em><\/p><p><em>Cette formation a pour but de vous donner des cl\u00e9s vous permettant de mieux appr\u00e9hender les nouveaux arrivants sur le march\u00e9 du travail, de mieux concilier votre vision du travail et la leur et ainsi de favoriser une bonne coop\u00e9ration dans l\u2019entreprise.<\/em><\/p><p>Objectifs de la formation : savoir adapter son management en fonction des g\u00e9n\u00e9rations<\/p>\t\t\t\t\t\t\t\t<\/div>\n\t\t\t\t<\/div>\n\t\t\t\t<div class=\"elementor-element elementor-element-959ff73 elementor-tabs-view-horizontal elementor-widget elementor-widget-tabs\" data-id=\"959ff73\" data-element_type=\"widget\" data-e-type=\"widget\" data-widget_type=\"tabs.default\">\n\t\t\t\t<div class=\"elementor-widget-container\">\n\t\t\t\t\t\t\t<div class=\"elementor-tabs\">\n\t\t\t<div class=\"elementor-tabs-wrapper\" role=\"tablist\" >\n\t\t\t\t\t\t\t\t\t<div id=\"elementor-tab-title-1561\" class=\"elementor-tab-title elementor-tab-desktop-title\" aria-selected=\"true\" data-tab=\"1\" role=\"tab\" tabindex=\"0\" aria-controls=\"elementor-tab-content-1561\" aria-expanded=\"false\">Programme<\/div>\n\t\t\t\t\t\t\t\t\t<div id=\"elementor-tab-title-1562\" class=\"elementor-tab-title elementor-tab-desktop-title\" aria-selected=\"false\" data-tab=\"2\" role=\"tab\" tabindex=\"-1\" aria-controls=\"elementor-tab-content-1562\" aria-expanded=\"false\">Format<\/div>\n\t\t\t\t\t\t\t\t\t<div id=\"elementor-tab-title-1563\" class=\"elementor-tab-title elementor-tab-desktop-title\" aria-selected=\"false\" data-tab=\"3\" role=\"tab\" tabindex=\"-1\" aria-controls=\"elementor-tab-content-1563\" aria-expanded=\"false\">Les +<\/div>\n\t\t\t\t\t\t\t\t\t<div id=\"elementor-tab-title-1564\" class=\"elementor-tab-title elementor-tab-desktop-title\" aria-selected=\"false\" data-tab=\"4\" role=\"tab\" tabindex=\"-1\" aria-controls=\"elementor-tab-content-1564\" aria-expanded=\"false\">Modalit\u00e9s p\u00e9dagogiques<\/div>\n\t\t\t\t\t\t\t<\/div>\n\t\t\t<div class=\"elementor-tabs-content-wrapper\" role=\"tablist\" aria-orientation=\"vertical\">\n\t\t\t\t\t\t\t\t\t<div class=\"elementor-tab-title elementor-tab-mobile-title\" aria-selected=\"true\" data-tab=\"1\" role=\"tab\" tabindex=\"0\" aria-controls=\"elementor-tab-content-1561\" aria-expanded=\"false\">Programme<\/div>\n\t\t\t\t\t<div id=\"elementor-tab-content-1561\" class=\"elementor-tab-content elementor-clearfix\" data-tab=\"1\" role=\"tabpanel\" aria-labelledby=\"elementor-tab-title-1561\" tabindex=\"0\" hidden=\"false\"><ul><li>\u00a0<span style=\"font-size: 1rem;\">Module 1\u00a0: comprendre les \u00e9carts g\u00e9n\u00e9rationnels<\/span><\/li><\/ul><ol><li style=\"list-style-type: none;\"><ol><li>G\u00e9n\u00e9ration X<\/li><li>G\u00e9n\u00e9ration Y<\/li><li>G\u00e9n\u00e9ration Z<\/li><li>Et bient\u00f4t la G\u00e9n\u00e9ration alpha<\/li><\/ol><\/li><\/ol><ul><li>Module 2\u00a0: les cl\u00e9s du management interg\u00e9n\u00e9rationnel<ol><li>La th\u00e9orie des r\u00f4les<\/li><li>Les conflits de r\u00f4les<\/li><\/ol><\/li><li>Module 3\u00a0: de l\u2019engagement \u00e0 la fid\u00e9lisation\u00a0: comment faire\u00a0?<ol><li>Laisser exprimer les besoins<\/li><li>Elargir les possibilit\u00e9s<\/li><li>Se donner du temps<\/li><li>S\u2019ouvrir \u00e0 l\u2019externe<\/li><li>Identifier les comportements pr\u00e9mices d\u2019un d\u00e9part<\/li><\/ol><\/li><\/ul><\/div>\n\t\t\t\t\t\t\t\t\t<div class=\"elementor-tab-title elementor-tab-mobile-title\" aria-selected=\"false\" data-tab=\"2\" role=\"tab\" tabindex=\"-1\" aria-controls=\"elementor-tab-content-1562\" aria-expanded=\"false\">Format<\/div>\n\t\t\t\t\t<div id=\"elementor-tab-content-1562\" class=\"elementor-tab-content elementor-clearfix\" data-tab=\"2\" role=\"tabpanel\" aria-labelledby=\"elementor-tab-title-1562\" tabindex=\"0\" hidden=\"hidden\"><ul><li>Pr\u00e9requis<br \/>\u00catre \u00e0 l\u2019\u00e9coute de l\u2019autre et savoir prendre du recul<\/li><li>Modalit\u00e9s d&rsquo;acc\u00e8s handicap\u00e9 :<\/li><\/ul><p>Nous choisissons des salles PMR accessibles par les transports en commun et \u00e0 proximit\u00e9 de lieux de restauration\/h\u00e9bergement.<\/p><p>LumYnescence est particuli\u00e8rement sensible \u00e0 l\u2019int\u00e9gration des personnes en situation de Handicap. Retrouvez les coordonn\u00e9es de la r\u00e9f\u00e9rente C\u00e9cile FONTAINE\u00a0 depuis la page<a href=\"https:\/\/lumynescence.fr\/index.php\/contact-2\/\"> Contact<\/a><\/p><p>Contactez-nous au minimum un mois avant la formation pour que nous puissions \u00e9tudier ensemble les possibilit\u00e9s de compensation disponibles et modalit\u00e9s de participation ou vous mettre en relation avec les associations d&rsquo;aide pour permettre votre participation.<\/p><ul><li>Modalit\u00e9s d\u2019inscription<br \/>Avant toute inscription, un entretien personnalis\u00e9 est propos\u00e9 afin d\u2019accompagner l\u2019apprenant dans ses motivations et ses d\u00e9marches<\/li><li>Lieu &amp; dates<br \/>Pessac et alentours<br \/>Dates\u00a0: voir sur le site<\/li><\/ul><\/div>\n\t\t\t\t\t\t\t\t\t<div class=\"elementor-tab-title elementor-tab-mobile-title\" aria-selected=\"false\" data-tab=\"3\" role=\"tab\" tabindex=\"-1\" aria-controls=\"elementor-tab-content-1563\" aria-expanded=\"false\">Les +<\/div>\n\t\t\t\t\t<div id=\"elementor-tab-content-1563\" class=\"elementor-tab-content elementor-clearfix\" data-tab=\"3\" role=\"tabpanel\" aria-labelledby=\"elementor-tab-title-1563\" tabindex=\"0\" hidden=\"hidden\"><p>Une mise en pratique imm\u00e9diate des acquis par des jeux de r\u00f4les \u00e0 partir de situations concr\u00e8tes apport\u00e9s par les participants<\/p><p>Exp\u00e9rimenter en s\u2019appuyant sur la diversit\u00e9 des apprenants pour s\u2019exercer \u00e0 mieux manager<\/p><p>Une mise en pratique lors des intersessions pour s\u2019exercer \u00e0 identifier l\u2019impact de son style de management<\/p><p>D\u00e9finition et mise en place d\u2019un plan d\u2019action SMART<\/p><\/div>\n\t\t\t\t\t\t\t\t\t<div class=\"elementor-tab-title elementor-tab-mobile-title\" aria-selected=\"false\" data-tab=\"4\" role=\"tab\" tabindex=\"-1\" aria-controls=\"elementor-tab-content-1564\" aria-expanded=\"false\">Modalit\u00e9s p\u00e9dagogiques<\/div>\n\t\t\t\t\t<div id=\"elementor-tab-content-1564\" class=\"elementor-tab-content elementor-clearfix\" data-tab=\"4\" role=\"tabpanel\" aria-labelledby=\"elementor-tab-title-1564\" tabindex=\"0\" hidden=\"hidden\"><p>Approche interactive et exp\u00e9rientielle<br \/>Plus de 70 % du temps est consacr\u00e9 \u00e0 l\u2019exp\u00e9rimentation et au debrief sur l\u2019exp\u00e9rimentation<\/p><p>Moyens p\u00e9dagogiques et techniques :<br \/>Accueil des stagiaires dans une salle d\u00e9di\u00e9e \u00e0 la formation<br \/>Mise \u00e0 disposition de documents supports. <br \/>Auto-\u00e9valuation et feedbacks sur les prestations<br \/>Mod\u00e9lisation de la pratique et debrief. <br \/>Dispositif de suivi de l&rsquo;ex\u00e9cution &amp; de l&rsquo;\u00e9valuation des r\u00e9sultats de la formation : Feuilles de pr\u00e9sence, questions orales, formulaires d&rsquo;\u00e9valuation de la formation et remise d\u2019une attestation de formation.<\/p><\/div>\n\t\t\t\t\t\t\t<\/div>\n\t\t<\/div>\n\t\t\t\t\t\t<\/div>\n\t\t\t\t<\/div>\n\t\t\t\t\t<\/div>\n\t\t<\/div>\n\t\t\t\t<div class=\"elementor-column elementor-col-33 elementor-inner-column elementor-element elementor-element-84381bd\" data-id=\"84381bd\" data-element_type=\"column\" data-e-type=\"column\">\n\t\t\t<div class=\"elementor-widget-wrap elementor-element-populated\">\n\t\t\t\t\t\t<div class=\"elementor-element elementor-element-4b027b1 elementor-tabs-view-horizontal elementor-widget elementor-widget-tabs\" data-id=\"4b027b1\" data-element_type=\"widget\" data-e-type=\"widget\" data-widget_type=\"tabs.default\">\n\t\t\t\t<div class=\"elementor-widget-container\">\n\t\t\t\t\t\t\t<div class=\"elementor-tabs\">\n\t\t\t<div class=\"elementor-tabs-wrapper\" role=\"tablist\" >\n\t\t\t\t\t\t\t\t\t<div id=\"elementor-tab-title-7861\" class=\"elementor-tab-title elementor-tab-desktop-title\" aria-selected=\"true\" data-tab=\"1\" role=\"tab\" tabindex=\"0\" aria-controls=\"elementor-tab-content-7861\" aria-expanded=\"false\">INTRA<\/div>\n\t\t\t\t\t\t\t\t\t<div id=\"elementor-tab-title-7862\" class=\"elementor-tab-title elementor-tab-desktop-title\" aria-selected=\"false\" data-tab=\"2\" role=\"tab\" tabindex=\"-1\" aria-controls=\"elementor-tab-content-7862\" aria-expanded=\"false\">INTER<\/div>\n\t\t\t\t\t\t\t\t\t<div id=\"elementor-tab-title-7863\" class=\"elementor-tab-title elementor-tab-desktop-title\" aria-selected=\"false\" data-tab=\"3\" role=\"tab\" tabindex=\"-1\" aria-controls=\"elementor-tab-content-7863\" aria-expanded=\"false\">SUR MESURE<\/div>\n\t\t\t\t\t\t\t<\/div>\n\t\t\t<div class=\"elementor-tabs-content-wrapper\" role=\"tablist\" aria-orientation=\"vertical\">\n\t\t\t\t\t\t\t\t\t<div class=\"elementor-tab-title elementor-tab-mobile-title\" aria-selected=\"true\" data-tab=\"1\" role=\"tab\" tabindex=\"0\" aria-controls=\"elementor-tab-content-7861\" aria-expanded=\"false\">INTRA<\/div>\n\t\t\t\t\t<div id=\"elementor-tab-content-7861\" class=\"elementor-tab-content elementor-clearfix\" data-tab=\"1\" role=\"tabpanel\" aria-labelledby=\"elementor-tab-title-7861\" tabindex=\"0\" hidden=\"false\"><p>Pour qui\u00a0?<br \/>Les dirigeants, managers et RRH<\/p><p><span style=\"text-decoration: underline;\"><em>Inscription personnelle<\/em><\/span><\/p><p>En pr\u00e9sentiel<\/p><p>R\u00e9f\u00e9rence : REF-1-2023<\/p><p>Dur\u00e9e : 2 jours (14h)<\/p><p>\u00a0Tarif: Demander les tarifs<br \/><em>(r\u00e8glement sur fonds propres)<\/em><\/p><\/div>\n\t\t\t\t\t\t\t\t\t<div class=\"elementor-tab-title elementor-tab-mobile-title\" aria-selected=\"false\" data-tab=\"2\" role=\"tab\" tabindex=\"-1\" aria-controls=\"elementor-tab-content-7862\" aria-expanded=\"false\">INTER<\/div>\n\t\t\t\t\t<div id=\"elementor-tab-content-7862\" class=\"elementor-tab-content elementor-clearfix\" data-tab=\"2\" role=\"tabpanel\" aria-labelledby=\"elementor-tab-title-7862\" tabindex=\"0\" hidden=\"hidden\"><p>Pour qui\u00a0?<br \/>Les dirigeants, managers et RRH<\/p><p>Pour les entreprises<\/p><p>Dans vos locaux<\/p><p>R\u00e9f\u00e9rence : REF-1-2023<\/p><p>Dur\u00e9e : 2 jours (14h)<\/p><p>Demander les tarifs<br \/><em>(Session de formation ouverte pour un groupe 6 personnes au minimum et\u00a0<\/em><em>\u00a0de 8 personnes maximum)<\/em><\/p><\/div>\n\t\t\t\t\t\t\t\t\t<div class=\"elementor-tab-title elementor-tab-mobile-title\" aria-selected=\"false\" data-tab=\"3\" role=\"tab\" tabindex=\"-1\" aria-controls=\"elementor-tab-content-7863\" aria-expanded=\"false\">SUR MESURE<\/div>\n\t\t\t\t\t<div id=\"elementor-tab-content-7863\" class=\"elementor-tab-content elementor-clearfix\" data-tab=\"3\" role=\"tabpanel\" aria-labelledby=\"elementor-tab-title-7863\" tabindex=\"0\" hidden=\"hidden\"><p>Pour qui\u00a0?<br \/>Les dirigeants, managers et RRH<\/p><p>Formation sur mesure destin\u00e9e aux entreprises<\/p><p>R\u00e9f\u00e9rence : REF-1-2023<\/p><p>Demander les tarifs<\/p><\/div>\n\t\t\t\t\t\t\t<\/div>\n\t\t<\/div>\n\t\t\t\t\t\t<\/div>\n\t\t\t\t<\/div>\n\t\t\t\t<div class=\"elementor-element elementor-element-8798c62 elementor-widget elementor-widget-text-editor\" data-id=\"8798c62\" data-element_type=\"widget\" data-e-type=\"widget\" data-widget_type=\"text-editor.default\">\n\t\t\t\t<div class=\"elementor-widget-container\">\n\t\t\t\t\t\t\t\t\t<p><a href=\"https:\/\/lumynescence.fr\/wp-content\/uploads\/2021\/10\/LES-CLES-DU-MANAGEMENT-INTERGENERATIONNEL.pdf\"><img decoding=\"async\" class=\"alignnone size-full wp-image-568\" style=\"font-size: 1rem;\" src=\"https:\/\/lumynescence.fr\/wp-content\/uploads\/2021\/06\/Download_PDF60.png\" alt=\"\" width=\"60\" height=\"60\" \/><\/a><\/p>\t\t\t\t\t\t\t\t<\/div>\n\t\t\t\t<\/div>\n\t\t\t\t\t<\/div>\n\t\t<\/div>\n\t\t\t\t\t<\/div>\n\t\t<\/section>\n\t\t\t\t\t<\/div>\n\t\t<\/div>\n\t\t\t\t\t<\/div>\n\t\t<\/section>\n\t\t\t\t<\/div>\n\t\t","protected":false},"excerpt":{"rendered":"<p>Entre le papy-boom et l\u2019arriv\u00e9e sur le march\u00e9 du travail de la g\u00e9n\u00e9ration Y et bient\u00f4t Z, les managers et dirigeants peuvent parfois se poser de nombreuses questions et sont souvent confront\u00e9s \u00e0 des situations de management in\u00e9dites pour eux. Comment faire, face \u00e0 des g\u00e9n\u00e9rations dont nous sommes les \u2018parents\u2019 mais qui, face au [&hellip;]<\/p>\n","protected":false},"author":1,"featured_media":0,"parent":0,"menu_order":0,"comment_status":"closed","ping_status":"closed","template":"","meta":{"footnotes":""},"class_list":["post-461","page","type-page","status-publish","hentry"],"aioseo_notices":[],"yoast_head":"<!-- This site is optimized with the Yoast SEO plugin v27.3 - https:\/\/yoast.com\/product\/yoast-seo-wordpress\/ -->\n<title>Les clefs du management intergenerationnel -<\/title>\n<meta name=\"description\" content=\"Remettre l&#039;Humain au Coeur de l&#039;entreprise\" \/>\n<meta name=\"robots\" content=\"index, follow, max-snippet:-1, max-image-preview:large, max-video-preview:-1\" \/>\n<link rel=\"canonical\" href=\"https:\/\/lumynescence.fr\/index.php\/les-clefs-du-management-intergenerationnelergenerationnel\/\" \/>\n<meta property=\"og:locale\" content=\"fr_FR\" \/>\n<meta property=\"og:type\" content=\"article\" \/>\n<meta property=\"og:title\" content=\"Les clefs du management intergenerationnel -\" \/>\n<meta property=\"og:description\" content=\"Remettre l&#039;Humain au Coeur de l&#039;entreprise\" \/>\n<meta property=\"og:url\" content=\"https:\/\/lumynescence.fr\/index.php\/les-clefs-du-management-intergenerationnelergenerationnel\/\" \/>\n<meta property=\"article:modified_time\" content=\"2023-06-23T14:02:57+00:00\" \/>\n<meta property=\"og:image\" content=\"http:\/\/lumynescence.fr\/wp-content\/uploads\/2021\/06\/Download_PDF60.png\" \/>\n<meta name=\"twitter:card\" content=\"summary_large_image\" \/>\n<meta name=\"twitter:label1\" content=\"Dur\u00e9e de lecture estim\u00e9e\" \/>\n\t<meta name=\"twitter:data1\" content=\"3 minutes\" \/>\n<script type=\"application\/ld+json\" class=\"yoast-schema-graph\">{\"@context\":\"https:\\\/\\\/schema.org\",\"@graph\":[{\"@type\":\"WebPage\",\"@id\":\"https:\\\/\\\/lumynescence.fr\\\/index.php\\\/les-clefs-du-management-intergenerationnelergenerationnel\\\/\",\"url\":\"https:\\\/\\\/lumynescence.fr\\\/index.php\\\/les-clefs-du-management-intergenerationnelergenerationnel\\\/\",\"name\":\"Les clefs du management intergenerationnel -\",\"isPartOf\":{\"@id\":\"https:\\\/\\\/lumynescence.fr\\\/#website\"},\"primaryImageOfPage\":{\"@id\":\"https:\\\/\\\/lumynescence.fr\\\/index.php\\\/les-clefs-du-management-intergenerationnelergenerationnel\\\/#primaryimage\"},\"image\":{\"@id\":\"https:\\\/\\\/lumynescence.fr\\\/index.php\\\/les-clefs-du-management-intergenerationnelergenerationnel\\\/#primaryimage\"},\"thumbnailUrl\":\"http:\\\/\\\/lumynescence.fr\\\/wp-content\\\/uploads\\\/2021\\\/06\\\/Download_PDF60.png\",\"datePublished\":\"2021-06-15T11:54:25+00:00\",\"dateModified\":\"2023-06-23T14:02:57+00:00\",\"description\":\"Remettre l'Humain au Coeur de l'entreprise\",\"breadcrumb\":{\"@id\":\"https:\\\/\\\/lumynescence.fr\\\/index.php\\\/les-clefs-du-management-intergenerationnelergenerationnel\\\/#breadcrumb\"},\"inLanguage\":\"fr-FR\",\"potentialAction\":[{\"@type\":\"ReadAction\",\"target\":[\"https:\\\/\\\/lumynescence.fr\\\/index.php\\\/les-clefs-du-management-intergenerationnelergenerationnel\\\/\"]}]},{\"@type\":\"ImageObject\",\"inLanguage\":\"fr-FR\",\"@id\":\"https:\\\/\\\/lumynescence.fr\\\/index.php\\\/les-clefs-du-management-intergenerationnelergenerationnel\\\/#primaryimage\",\"url\":\"http:\\\/\\\/lumynescence.fr\\\/wp-content\\\/uploads\\\/2021\\\/06\\\/Download_PDF60.png\",\"contentUrl\":\"http:\\\/\\\/lumynescence.fr\\\/wp-content\\\/uploads\\\/2021\\\/06\\\/Download_PDF60.png\"},{\"@type\":\"BreadcrumbList\",\"@id\":\"https:\\\/\\\/lumynescence.fr\\\/index.php\\\/les-clefs-du-management-intergenerationnelergenerationnel\\\/#breadcrumb\",\"itemListElement\":[{\"@type\":\"ListItem\",\"position\":1,\"name\":\"Accueil\",\"item\":\"https:\\\/\\\/lumynescence.fr\\\/\"},{\"@type\":\"ListItem\",\"position\":2,\"name\":\"Les clefs du management intergenerationnel\"}]},{\"@type\":\"WebSite\",\"@id\":\"https:\\\/\\\/lumynescence.fr\\\/#website\",\"url\":\"https:\\\/\\\/lumynescence.fr\\\/\",\"name\":\"\",\"description\":\"\",\"publisher\":{\"@id\":\"https:\\\/\\\/lumynescence.fr\\\/#organization\"},\"potentialAction\":[{\"@type\":\"SearchAction\",\"target\":{\"@type\":\"EntryPoint\",\"urlTemplate\":\"https:\\\/\\\/lumynescence.fr\\\/?s={search_term_string}\"},\"query-input\":{\"@type\":\"PropertyValueSpecification\",\"valueRequired\":true,\"valueName\":\"search_term_string\"}}],\"inLanguage\":\"fr-FR\"},{\"@type\":\"Organization\",\"@id\":\"https:\\\/\\\/lumynescence.fr\\\/#organization\",\"name\":\"LumYnescence\",\"url\":\"https:\\\/\\\/lumynescence.fr\\\/\",\"logo\":{\"@type\":\"ImageObject\",\"inLanguage\":\"fr-FR\",\"@id\":\"https:\\\/\\\/lumynescence.fr\\\/#\\\/schema\\\/logo\\\/image\\\/\",\"url\":\"http:\\\/\\\/lumynescence.fr\\\/wp-content\\\/uploads\\\/2019\\\/06\\\/Logo-Luminescence-Carr\u00e9-Centr\u00e9.png\",\"contentUrl\":\"http:\\\/\\\/lumynescence.fr\\\/wp-content\\\/uploads\\\/2019\\\/06\\\/Logo-Luminescence-Carr\u00e9-Centr\u00e9.png\",\"width\":300,\"height\":300,\"caption\":\"LumYnescence\"},\"image\":{\"@id\":\"https:\\\/\\\/lumynescence.fr\\\/#\\\/schema\\\/logo\\\/image\\\/\"},\"sameAs\":[\"http:\\\/\\\/linkedin.com\\\/in\\\/c\u00e9cile-fontaine-8b40b287\"]}]}<\/script>\n<!-- \/ Yoast SEO plugin. -->","yoast_head_json":{"title":"Les clefs du management intergenerationnel -","description":"Remettre l'Humain au Coeur de l'entreprise","robots":{"index":"index","follow":"follow","max-snippet":"max-snippet:-1","max-image-preview":"max-image-preview:large","max-video-preview":"max-video-preview:-1"},"canonical":"https:\/\/lumynescence.fr\/index.php\/les-clefs-du-management-intergenerationnelergenerationnel\/","og_locale":"fr_FR","og_type":"article","og_title":"Les clefs du management intergenerationnel -","og_description":"Remettre l'Humain au Coeur de l'entreprise","og_url":"https:\/\/lumynescence.fr\/index.php\/les-clefs-du-management-intergenerationnelergenerationnel\/","article_modified_time":"2023-06-23T14:02:57+00:00","og_image":[{"url":"http:\/\/lumynescence.fr\/wp-content\/uploads\/2021\/06\/Download_PDF60.png","type":"","width":"","height":""}],"twitter_card":"summary_large_image","twitter_misc":{"Dur\u00e9e de lecture estim\u00e9e":"3 minutes"},"schema":{"@context":"https:\/\/schema.org","@graph":[{"@type":"WebPage","@id":"https:\/\/lumynescence.fr\/index.php\/les-clefs-du-management-intergenerationnelergenerationnel\/","url":"https:\/\/lumynescence.fr\/index.php\/les-clefs-du-management-intergenerationnelergenerationnel\/","name":"Les clefs du management intergenerationnel -","isPartOf":{"@id":"https:\/\/lumynescence.fr\/#website"},"primaryImageOfPage":{"@id":"https:\/\/lumynescence.fr\/index.php\/les-clefs-du-management-intergenerationnelergenerationnel\/#primaryimage"},"image":{"@id":"https:\/\/lumynescence.fr\/index.php\/les-clefs-du-management-intergenerationnelergenerationnel\/#primaryimage"},"thumbnailUrl":"http:\/\/lumynescence.fr\/wp-content\/uploads\/2021\/06\/Download_PDF60.png","datePublished":"2021-06-15T11:54:25+00:00","dateModified":"2023-06-23T14:02:57+00:00","description":"Remettre l'Humain au Coeur de l'entreprise","breadcrumb":{"@id":"https:\/\/lumynescence.fr\/index.php\/les-clefs-du-management-intergenerationnelergenerationnel\/#breadcrumb"},"inLanguage":"fr-FR","potentialAction":[{"@type":"ReadAction","target":["https:\/\/lumynescence.fr\/index.php\/les-clefs-du-management-intergenerationnelergenerationnel\/"]}]},{"@type":"ImageObject","inLanguage":"fr-FR","@id":"https:\/\/lumynescence.fr\/index.php\/les-clefs-du-management-intergenerationnelergenerationnel\/#primaryimage","url":"http:\/\/lumynescence.fr\/wp-content\/uploads\/2021\/06\/Download_PDF60.png","contentUrl":"http:\/\/lumynescence.fr\/wp-content\/uploads\/2021\/06\/Download_PDF60.png"},{"@type":"BreadcrumbList","@id":"https:\/\/lumynescence.fr\/index.php\/les-clefs-du-management-intergenerationnelergenerationnel\/#breadcrumb","itemListElement":[{"@type":"ListItem","position":1,"name":"Accueil","item":"https:\/\/lumynescence.fr\/"},{"@type":"ListItem","position":2,"name":"Les clefs du management intergenerationnel"}]},{"@type":"WebSite","@id":"https:\/\/lumynescence.fr\/#website","url":"https:\/\/lumynescence.fr\/","name":"","description":"","publisher":{"@id":"https:\/\/lumynescence.fr\/#organization"},"potentialAction":[{"@type":"SearchAction","target":{"@type":"EntryPoint","urlTemplate":"https:\/\/lumynescence.fr\/?s={search_term_string}"},"query-input":{"@type":"PropertyValueSpecification","valueRequired":true,"valueName":"search_term_string"}}],"inLanguage":"fr-FR"},{"@type":"Organization","@id":"https:\/\/lumynescence.fr\/#organization","name":"LumYnescence","url":"https:\/\/lumynescence.fr\/","logo":{"@type":"ImageObject","inLanguage":"fr-FR","@id":"https:\/\/lumynescence.fr\/#\/schema\/logo\/image\/","url":"http:\/\/lumynescence.fr\/wp-content\/uploads\/2019\/06\/Logo-Luminescence-Carr\u00e9-Centr\u00e9.png","contentUrl":"http:\/\/lumynescence.fr\/wp-content\/uploads\/2019\/06\/Logo-Luminescence-Carr\u00e9-Centr\u00e9.png","width":300,"height":300,"caption":"LumYnescence"},"image":{"@id":"https:\/\/lumynescence.fr\/#\/schema\/logo\/image\/"},"sameAs":["http:\/\/linkedin.com\/in\/c\u00e9cile-fontaine-8b40b287"]}]}},"_links":{"self":[{"href":"https:\/\/lumynescence.fr\/index.php\/wp-json\/wp\/v2\/pages\/461","targetHints":{"allow":["GET"]}}],"collection":[{"href":"https:\/\/lumynescence.fr\/index.php\/wp-json\/wp\/v2\/pages"}],"about":[{"href":"https:\/\/lumynescence.fr\/index.php\/wp-json\/wp\/v2\/types\/page"}],"author":[{"embeddable":true,"href":"https:\/\/lumynescence.fr\/index.php\/wp-json\/wp\/v2\/users\/1"}],"replies":[{"embeddable":true,"href":"https:\/\/lumynescence.fr\/index.php\/wp-json\/wp\/v2\/comments?post=461"}],"version-history":[{"count":61,"href":"https:\/\/lumynescence.fr\/index.php\/wp-json\/wp\/v2\/pages\/461\/revisions"}],"predecessor-version":[{"id":1540,"href":"https:\/\/lumynescence.fr\/index.php\/wp-json\/wp\/v2\/pages\/461\/revisions\/1540"}],"wp:attachment":[{"href":"https:\/\/lumynescence.fr\/index.php\/wp-json\/wp\/v2\/media?parent=461"}],"curies":[{"name":"wp","href":"https:\/\/api.w.org\/{rel}","templated":true}]}}