{"id":1632,"date":"2025-01-13T19:28:19","date_gmt":"2025-01-13T18:28:19","guid":{"rendered":"https:\/\/lumynescence.fr\/?page_id=1632"},"modified":"2025-01-21T19:28:36","modified_gmt":"2025-01-21T18:28:36","slug":"la-therapie-systemique","status":"publish","type":"page","link":"https:\/\/lumynescence.fr\/index.php\/la-therapie-systemique\/","title":{"rendered":"La th\u00e9rapie syst\u00e9mique"},"content":{"rendered":"\t\t<div data-elementor-type=\"wp-page\" data-elementor-id=\"1632\" class=\"elementor elementor-1632\" data-elementor-post-type=\"page\">\n\t\t\t\t\t\t<section class=\"elementor-section elementor-top-section elementor-element elementor-element-c5b9f31 elementor-section-full_width elementor-section-stretched elementor-section-height-default elementor-section-height-default\" data-id=\"c5b9f31\" data-element_type=\"section\" data-e-type=\"section\" data-settings=\"{&quot;stretch_section&quot;:&quot;section-stretched&quot;}\">\n\t\t\t\t\t\t<div class=\"elementor-container elementor-column-gap-default\">\n\t\t\t\t\t<div class=\"elementor-column elementor-col-100 elementor-top-column elementor-element elementor-element-d5674ee\" data-id=\"d5674ee\" data-element_type=\"column\" data-e-type=\"column\">\n\t\t\t<div class=\"elementor-widget-wrap elementor-element-populated\">\n\t\t\t\t\t\t<div class=\"elementor-element elementor-element-ea7b544 elementor-widget elementor-widget-heading\" data-id=\"ea7b544\" data-element_type=\"widget\" data-e-type=\"widget\" data-widget_type=\"heading.default\">\n\t\t\t\t<div class=\"elementor-widget-container\">\n\t\t\t\t\t<h2 class=\"elementor-heading-title elementor-size-default\">La th\u00e9rapie syst\u00e9mique<\/h2>\t\t\t\t<\/div>\n\t\t\t\t<\/div>\n\t\t\t\t\t<\/div>\n\t\t<\/div>\n\t\t\t\t\t<\/div>\n\t\t<\/section>\n\t\t\t\t<section class=\"elementor-section elementor-top-section elementor-element elementor-element-0002c28 elementor-section-full_width elementor-section-stretched elementor-section-height-default elementor-section-height-default\" data-id=\"0002c28\" data-element_type=\"section\" data-e-type=\"section\" data-settings=\"{&quot;stretch_section&quot;:&quot;section-stretched&quot;}\">\n\t\t\t\t\t\t<div class=\"elementor-container elementor-column-gap-default\">\n\t\t\t\t\t<div class=\"elementor-column elementor-col-50 elementor-top-column elementor-element elementor-element-ab17e66\" data-id=\"ab17e66\" data-element_type=\"column\" data-e-type=\"column\">\n\t\t\t<div class=\"elementor-widget-wrap elementor-element-populated\">\n\t\t\t\t\t\t<div class=\"elementor-element elementor-element-3e81f42 elementor-widget elementor-widget-image\" data-id=\"3e81f42\" data-element_type=\"widget\" data-e-type=\"widget\" data-widget_type=\"image.default\">\n\t\t\t\t<div class=\"elementor-widget-container\">\n\t\t\t\t\t\t\t\t\t\t\t\t\t\t\t<img fetchpriority=\"high\" decoding=\"async\" width=\"600\" height=\"402\" src=\"https:\/\/lumynescence.fr\/wp-content\/uploads\/2025\/01\/pexels-photo-1336454.png\" class=\"attachment-large size-large wp-image-2350\" alt=\"\" srcset=\"https:\/\/lumynescence.fr\/wp-content\/uploads\/2025\/01\/pexels-photo-1336454.png 600w, https:\/\/lumynescence.fr\/wp-content\/uploads\/2025\/01\/pexels-photo-1336454-300x201.png 300w\" sizes=\"(max-width: 600px) 100vw, 600px\" \/>\t\t\t\t\t\t\t\t\t\t\t\t\t\t\t<\/div>\n\t\t\t\t<\/div>\n\t\t\t\t\t<\/div>\n\t\t<\/div>\n\t\t\t\t<div class=\"elementor-column elementor-col-50 elementor-top-column elementor-element elementor-element-99fdae6\" data-id=\"99fdae6\" data-element_type=\"column\" data-e-type=\"column\">\n\t\t\t<div class=\"elementor-widget-wrap elementor-element-populated\">\n\t\t\t\t\t\t<div class=\"elementor-element elementor-element-df1df74 elementor-widget elementor-widget-text-editor\" data-id=\"df1df74\" data-element_type=\"widget\" data-e-type=\"widget\" data-widget_type=\"text-editor.default\">\n\t\t\t\t<div class=\"elementor-widget-container\">\n\t\t\t\t\t\t\t\t\t<h4 class=\"TitreNormal\"><span style=\"color: #1a4d62;\">La th\u00e9rapie syst\u00e9mique, de quoi parle-t-on\u00a0?<\/span><\/h4><p class=\"TxtNormal\">La th\u00e9rapie syst\u00e9mique permet au patient-e de le situer dans son environnement. Elle part du principe que le probl\u00e8me est consid\u00e9r\u00e9 comme un sympt\u00f4me du fonctionnement du\u00a0<strong><span style=\"color: #a54778;\"><i>syst\u00e8me<\/i><\/span><\/strong>\u00a0: la famille, l\u2019entreprise, le groupe de mani\u00e8re g\u00e9n\u00e9ral et qu\u2019il ne tient pas uniquement \u00e0 lui.<\/p><p class=\"TxtNormal\">Cette approche th\u00e9rapeutique issu de l\u2019Ecole de Palo Alto permet au patient-e de d\u00e9terminer ce qui d\u00e9pend de\u00a0<span style=\"color: #a54778;\"><b><i>Soi<\/i><\/b><\/span>, des\u00a0<span style=\"color: #a54778;\"><b>autres<\/b><\/span>\u00a0et du\u00a0<span style=\"color: #a54778;\"><b>monde<\/b><\/span>\u00a0dans lequel il \u00e9volue. Il peut d\u00e8s lors reconna\u00eetre, \u00e9valuer et d\u00e8s lors modifier certains comportements pour activer de nouveaux possibles. Dans ces circonstances, le patient-e redevient l\u2019<span style=\"color: #a54778;\"><b><i>ACTEUR<\/i><\/b>\u00a0<b><i>de sa propre vie<\/i><\/b><\/span>. Il peut prendre de nouvelles d\u00e9cisions plus harmonieuse, en accord avec ce qu\u2019il\/elle et se d\u00e9faire de sch\u00e9mas devenus n\u00e9fastes pour lui.<\/p>\t\t\t\t\t\t\t\t<\/div>\n\t\t\t\t<\/div>\n\t\t\t\t\t<\/div>\n\t\t<\/div>\n\t\t\t\t\t<\/div>\n\t\t<\/section>\n\t\t\t\t<\/div>\n\t\t","protected":false},"excerpt":{"rendered":"<p>La th\u00e9rapie syst\u00e9mique La th\u00e9rapie syst\u00e9mique, de quoi parle-t-on\u00a0? La th\u00e9rapie syst\u00e9mique permet au patient-e de le situer dans son environnement. Elle part du principe que le probl\u00e8me est consid\u00e9r\u00e9 comme un sympt\u00f4me du fonctionnement du\u00a0syst\u00e8me\u00a0: la famille, l\u2019entreprise, le groupe de mani\u00e8re g\u00e9n\u00e9ral et qu\u2019il ne tient pas uniquement \u00e0 lui. Cette approche th\u00e9rapeutique [&hellip;]<\/p>\n","protected":false},"author":2,"featured_media":0,"parent":0,"menu_order":0,"comment_status":"closed","ping_status":"closed","template":"","meta":{"footnotes":""},"class_list":["post-1632","page","type-page","status-publish","hentry"],"aioseo_notices":[],"yoast_head":"<!-- This site is optimized with the Yoast SEO plugin v24.2 - https:\/\/yoast.com\/wordpress\/plugins\/seo\/ -->\n<title>La th\u00e9rapie syst\u00e9mique -<\/title>\n<meta name=\"description\" content=\"Remettre l&#039;Humain au Coeur de l&#039;entreprise\" \/>\n<meta name=\"robots\" content=\"index, follow, max-snippet:-1, max-image-preview:large, max-video-preview:-1\" \/>\n<link rel=\"canonical\" href=\"https:\/\/lumynescence.fr\/index.php\/la-therapie-systemique\/\" \/>\n<meta property=\"og:locale\" content=\"fr_FR\" \/>\n<meta property=\"og:type\" content=\"article\" \/>\n<meta property=\"og:title\" content=\"La th\u00e9rapie syst\u00e9mique -\" \/>\n<meta property=\"og:description\" content=\"Remettre l&#039;Humain au Coeur de l&#039;entreprise\" \/>\n<meta property=\"og:url\" content=\"https:\/\/lumynescence.fr\/index.php\/la-therapie-systemique\/\" \/>\n<meta property=\"article:modified_time\" content=\"2025-01-21T18:28:36+00:00\" \/>\n<meta property=\"og:image\" content=\"https:\/\/lumynescence.fr\/wp-content\/uploads\/2025\/01\/pexels-photo-1336454.png\" \/>\n\t<meta property=\"og:image:width\" content=\"600\" \/>\n\t<meta property=\"og:image:height\" content=\"402\" \/>\n\t<meta property=\"og:image:type\" content=\"image\/png\" \/>\n<meta name=\"twitter:card\" content=\"summary_large_image\" \/>\n<meta name=\"twitter:label1\" content=\"Dur\u00e9e de lecture estim\u00e9e\" \/>\n\t<meta name=\"twitter:data1\" content=\"1 minute\" \/>\n<script type=\"application\/ld+json\" class=\"yoast-schema-graph\">{\"@context\":\"https:\/\/schema.org\",\"@graph\":[{\"@type\":\"WebPage\",\"@id\":\"https:\/\/lumynescence.fr\/index.php\/la-therapie-systemique\/\",\"url\":\"https:\/\/lumynescence.fr\/index.php\/la-therapie-systemique\/\",\"name\":\"La th\u00e9rapie syst\u00e9mique -\",\"isPartOf\":{\"@id\":\"https:\/\/lumynescence.fr\/#website\"},\"primaryImageOfPage\":{\"@id\":\"https:\/\/lumynescence.fr\/index.php\/la-therapie-systemique\/#primaryimage\"},\"image\":{\"@id\":\"https:\/\/lumynescence.fr\/index.php\/la-therapie-systemique\/#primaryimage\"},\"thumbnailUrl\":\"https:\/\/lumynescence.fr\/wp-content\/uploads\/2025\/01\/pexels-photo-1336454.png\",\"datePublished\":\"2025-01-13T18:28:19+00:00\",\"dateModified\":\"2025-01-21T18:28:36+00:00\",\"description\":\"Remettre l'Humain au Coeur de l'entreprise\",\"breadcrumb\":{\"@id\":\"https:\/\/lumynescence.fr\/index.php\/la-therapie-systemique\/#breadcrumb\"},\"inLanguage\":\"fr-FR\",\"potentialAction\":[{\"@type\":\"ReadAction\",\"target\":[\"https:\/\/lumynescence.fr\/index.php\/la-therapie-systemique\/\"]}]},{\"@type\":\"ImageObject\",\"inLanguage\":\"fr-FR\",\"@id\":\"https:\/\/lumynescence.fr\/index.php\/la-therapie-systemique\/#primaryimage\",\"url\":\"https:\/\/lumynescence.fr\/wp-content\/uploads\/2025\/01\/pexels-photo-1336454.png\",\"contentUrl\":\"https:\/\/lumynescence.fr\/wp-content\/uploads\/2025\/01\/pexels-photo-1336454.png\",\"width\":600,\"height\":402},{\"@type\":\"BreadcrumbList\",\"@id\":\"https:\/\/lumynescence.fr\/index.php\/la-therapie-systemique\/#breadcrumb\",\"itemListElement\":[{\"@type\":\"ListItem\",\"position\":1,\"name\":\"Accueil\",\"item\":\"https:\/\/lumynescence.fr\/\"},{\"@type\":\"ListItem\",\"position\":2,\"name\":\"La th\u00e9rapie syst\u00e9mique\"}]},{\"@type\":\"WebSite\",\"@id\":\"https:\/\/lumynescence.fr\/#website\",\"url\":\"https:\/\/lumynescence.fr\/\",\"name\":\"\",\"description\":\"\",\"publisher\":{\"@id\":\"https:\/\/lumynescence.fr\/#organization\"},\"potentialAction\":[{\"@type\":\"SearchAction\",\"target\":{\"@type\":\"EntryPoint\",\"urlTemplate\":\"https:\/\/lumynescence.fr\/?s={search_term_string}\"},\"query-input\":{\"@type\":\"PropertyValueSpecification\",\"valueRequired\":true,\"valueName\":\"search_term_string\"}}],\"inLanguage\":\"fr-FR\"},{\"@type\":\"Organization\",\"@id\":\"https:\/\/lumynescence.fr\/#organization\",\"name\":\"LumYnescence\",\"url\":\"https:\/\/lumynescence.fr\/\",\"logo\":{\"@type\":\"ImageObject\",\"inLanguage\":\"fr-FR\",\"@id\":\"https:\/\/lumynescence.fr\/#\/schema\/logo\/image\/\",\"url\":\"http:\/\/lumynescence.fr\/wp-content\/uploads\/2019\/06\/Logo-Luminescence-Carr\u00e9-Centr\u00e9.png\",\"contentUrl\":\"http:\/\/lumynescence.fr\/wp-content\/uploads\/2019\/06\/Logo-Luminescence-Carr\u00e9-Centr\u00e9.png\",\"width\":300,\"height\":300,\"caption\":\"LumYnescence\"},\"image\":{\"@id\":\"https:\/\/lumynescence.fr\/#\/schema\/logo\/image\/\"},\"sameAs\":[\"http:\/\/linkedin.com\/in\/c\u00e9cile-fontaine-8b40b287\"]}]}<\/script>\n<!-- \/ Yoast SEO plugin. -->","yoast_head_json":{"title":"La th\u00e9rapie syst\u00e9mique -","description":"Remettre l'Humain au Coeur de l'entreprise","robots":{"index":"index","follow":"follow","max-snippet":"max-snippet:-1","max-image-preview":"max-image-preview:large","max-video-preview":"max-video-preview:-1"},"canonical":"https:\/\/lumynescence.fr\/index.php\/la-therapie-systemique\/","og_locale":"fr_FR","og_type":"article","og_title":"La th\u00e9rapie syst\u00e9mique -","og_description":"Remettre l'Humain au Coeur de l'entreprise","og_url":"https:\/\/lumynescence.fr\/index.php\/la-therapie-systemique\/","article_modified_time":"2025-01-21T18:28:36+00:00","og_image":[{"width":600,"height":402,"url":"https:\/\/lumynescence.fr\/wp-content\/uploads\/2025\/01\/pexels-photo-1336454.png","type":"image\/png"}],"twitter_card":"summary_large_image","twitter_misc":{"Dur\u00e9e de lecture estim\u00e9e":"1 minute"},"schema":{"@context":"https:\/\/schema.org","@graph":[{"@type":"WebPage","@id":"https:\/\/lumynescence.fr\/index.php\/la-therapie-systemique\/","url":"https:\/\/lumynescence.fr\/index.php\/la-therapie-systemique\/","name":"La th\u00e9rapie syst\u00e9mique -","isPartOf":{"@id":"https:\/\/lumynescence.fr\/#website"},"primaryImageOfPage":{"@id":"https:\/\/lumynescence.fr\/index.php\/la-therapie-systemique\/#primaryimage"},"image":{"@id":"https:\/\/lumynescence.fr\/index.php\/la-therapie-systemique\/#primaryimage"},"thumbnailUrl":"https:\/\/lumynescence.fr\/wp-content\/uploads\/2025\/01\/pexels-photo-1336454.png","datePublished":"2025-01-13T18:28:19+00:00","dateModified":"2025-01-21T18:28:36+00:00","description":"Remettre l'Humain au Coeur de l'entreprise","breadcrumb":{"@id":"https:\/\/lumynescence.fr\/index.php\/la-therapie-systemique\/#breadcrumb"},"inLanguage":"fr-FR","potentialAction":[{"@type":"ReadAction","target":["https:\/\/lumynescence.fr\/index.php\/la-therapie-systemique\/"]}]},{"@type":"ImageObject","inLanguage":"fr-FR","@id":"https:\/\/lumynescence.fr\/index.php\/la-therapie-systemique\/#primaryimage","url":"https:\/\/lumynescence.fr\/wp-content\/uploads\/2025\/01\/pexels-photo-1336454.png","contentUrl":"https:\/\/lumynescence.fr\/wp-content\/uploads\/2025\/01\/pexels-photo-1336454.png","width":600,"height":402},{"@type":"BreadcrumbList","@id":"https:\/\/lumynescence.fr\/index.php\/la-therapie-systemique\/#breadcrumb","itemListElement":[{"@type":"ListItem","position":1,"name":"Accueil","item":"https:\/\/lumynescence.fr\/"},{"@type":"ListItem","position":2,"name":"La th\u00e9rapie syst\u00e9mique"}]},{"@type":"WebSite","@id":"https:\/\/lumynescence.fr\/#website","url":"https:\/\/lumynescence.fr\/","name":"","description":"","publisher":{"@id":"https:\/\/lumynescence.fr\/#organization"},"potentialAction":[{"@type":"SearchAction","target":{"@type":"EntryPoint","urlTemplate":"https:\/\/lumynescence.fr\/?s={search_term_string}"},"query-input":{"@type":"PropertyValueSpecification","valueRequired":true,"valueName":"search_term_string"}}],"inLanguage":"fr-FR"},{"@type":"Organization","@id":"https:\/\/lumynescence.fr\/#organization","name":"LumYnescence","url":"https:\/\/lumynescence.fr\/","logo":{"@type":"ImageObject","inLanguage":"fr-FR","@id":"https:\/\/lumynescence.fr\/#\/schema\/logo\/image\/","url":"http:\/\/lumynescence.fr\/wp-content\/uploads\/2019\/06\/Logo-Luminescence-Carr\u00e9-Centr\u00e9.png","contentUrl":"http:\/\/lumynescence.fr\/wp-content\/uploads\/2019\/06\/Logo-Luminescence-Carr\u00e9-Centr\u00e9.png","width":300,"height":300,"caption":"LumYnescence"},"image":{"@id":"https:\/\/lumynescence.fr\/#\/schema\/logo\/image\/"},"sameAs":["http:\/\/linkedin.com\/in\/c\u00e9cile-fontaine-8b40b287"]}]}},"_links":{"self":[{"href":"https:\/\/lumynescence.fr\/index.php\/wp-json\/wp\/v2\/pages\/1632","targetHints":{"allow":["GET"]}}],"collection":[{"href":"https:\/\/lumynescence.fr\/index.php\/wp-json\/wp\/v2\/pages"}],"about":[{"href":"https:\/\/lumynescence.fr\/index.php\/wp-json\/wp\/v2\/types\/page"}],"author":[{"embeddable":true,"href":"https:\/\/lumynescence.fr\/index.php\/wp-json\/wp\/v2\/users\/2"}],"replies":[{"embeddable":true,"href":"https:\/\/lumynescence.fr\/index.php\/wp-json\/wp\/v2\/comments?post=1632"}],"version-history":[{"count":19,"href":"https:\/\/lumynescence.fr\/index.php\/wp-json\/wp\/v2\/pages\/1632\/revisions"}],"predecessor-version":[{"id":2360,"href":"https:\/\/lumynescence.fr\/index.php\/wp-json\/wp\/v2\/pages\/1632\/revisions\/2360"}],"wp:attachment":[{"href":"https:\/\/lumynescence.fr\/index.php\/wp-json\/wp\/v2\/media?parent=1632"}],"curies":[{"name":"wp","href":"https:\/\/api.w.org\/{rel}","templated":true}]}}