{"id":1620,"date":"2025-01-13T19:18:29","date_gmt":"2025-01-13T18:18:29","guid":{"rendered":"https:\/\/lumynescence.fr\/?page_id=1620"},"modified":"2025-01-13T20:47:28","modified_gmt":"2025-01-13T19:47:28","slug":"en-savoir-plus-sur-lemdr","status":"publish","type":"page","link":"https:\/\/lumynescence.fr\/index.php\/en-savoir-plus-sur-lemdr\/","title":{"rendered":"En savoir plus sur l&rsquo;EMDR"},"content":{"rendered":"\t\t<div data-elementor-type=\"wp-page\" data-elementor-id=\"1620\" class=\"elementor elementor-1620\" data-elementor-post-type=\"page\">\n\t\t\t\t\t\t<section class=\"elementor-section elementor-top-section elementor-element elementor-element-a499a76 elementor-section-full_width elementor-section-stretched elementor-section-height-default elementor-section-height-default\" data-id=\"a499a76\" data-element_type=\"section\" data-e-type=\"section\" data-settings=\"{&quot;stretch_section&quot;:&quot;section-stretched&quot;}\">\n\t\t\t\t\t\t<div class=\"elementor-container elementor-column-gap-default\">\n\t\t\t\t\t<div class=\"elementor-column elementor-col-100 elementor-top-column elementor-element elementor-element-575565d\" data-id=\"575565d\" data-element_type=\"column\" data-e-type=\"column\">\n\t\t\t<div class=\"elementor-widget-wrap elementor-element-populated\">\n\t\t\t\t\t\t<div class=\"elementor-element elementor-element-d283a5b elementor-widget elementor-widget-heading\" data-id=\"d283a5b\" data-element_type=\"widget\" data-e-type=\"widget\" data-widget_type=\"heading.default\">\n\t\t\t\t<div class=\"elementor-widget-container\">\n\t\t\t\t\t<h2 class=\"elementor-heading-title elementor-size-default\">En savoir plus sur l\u2019EMDR<\/h2>\t\t\t\t<\/div>\n\t\t\t\t<\/div>\n\t\t\t\t\t<\/div>\n\t\t<\/div>\n\t\t\t\t\t<\/div>\n\t\t<\/section>\n\t\t\t\t<section class=\"elementor-section elementor-top-section elementor-element elementor-element-4b53384 elementor-section-full_width elementor-section-stretched elementor-section-height-default elementor-section-height-default\" data-id=\"4b53384\" data-element_type=\"section\" data-e-type=\"section\" data-settings=\"{&quot;stretch_section&quot;:&quot;section-stretched&quot;}\">\n\t\t\t\t\t\t<div class=\"elementor-container elementor-column-gap-default\">\n\t\t\t\t\t<div class=\"elementor-column elementor-col-50 elementor-top-column elementor-element elementor-element-6c0abb2\" data-id=\"6c0abb2\" data-element_type=\"column\" data-e-type=\"column\">\n\t\t\t<div class=\"elementor-widget-wrap elementor-element-populated\">\n\t\t\t\t\t\t<div class=\"elementor-element elementor-element-9056f61 elementor-widget elementor-widget-text-editor\" data-id=\"9056f61\" data-element_type=\"widget\" data-e-type=\"widget\" data-widget_type=\"text-editor.default\">\n\t\t\t\t<div class=\"elementor-widget-container\">\n\t\t\t\t\t\t\t\t\t<h4 class=\"TitreNormal\"><span style=\"color: #1a4d62;\">L\u2019EMDR c\u2019est quoi\u00a0?<\/span><\/h4><p class=\"TxtNormal\">L\u2019EMDR ou\u00a0<span style=\"color: #99cc00;\"><i><b>E<\/b><\/i><\/span>ye\u00a0<span style=\"color: #99cc00;\"><i><b>M<\/b><\/i><\/span>ovement\u00a0<span style=\"color: #99cc00;\"><b><i>D<\/i><\/b><\/span>esensitization and\u00a0<span style=\"color: #99cc00;\"><i><b>R<\/b><\/i><\/span>eprocessing est un outil \u00e0 vis\u00e9e th\u00e9rapeutique mis au point dans les ann\u00e9es 1980\u2019.<\/p><p class=\"TxtNormal\">On parle \u00e9galement de SBA ou Stimulation Bilat\u00e9rale Altern\u00e9e, le principe dans les 2 cas est le m\u00eame.<\/p><p class=\"TxtNormal\">Il vise \u00e0 retraiter une\u00a0<span style=\"color: #99cc00;\"><i><b>information<\/b><\/i>\u00a0<b><i>TRAUMA<\/i><i>tique<\/i><\/b><\/span>, dysfonctionnelle afin de permettre au patient-e de consid\u00e9rer autrement ce qui \u00e9tait \u00e0 l\u2019origine un traumatisme.<\/p><h4 class=\"TitreNormal\"><span style=\"color: #1a4d62;\">Par qui\u00a0?<\/span><\/h4><p class=\"TxtNormal\">Des th\u00e9rapeutes form\u00e9s \u00e0 la SBA mais aussi form\u00e9s \u00e0 l\u2019accompagnement th\u00e9rapeutique.<\/p><p class=\"TxtNormal\">Je suis form\u00e9e et supervis\u00e9e en EMDR par Ingrid Meunier, professionnelle de l\u2019accompagnement depuis plus de 15 ans, formatrice pour EMDR &amp; Co, centre de formation en SBA (33).<\/p><h4 class=\"TitreNormal\"><span style=\"color: #1a4d62;\">Dans quels cas utilise-t-on l\u2019EMDR ?<\/span><\/h4><p class=\"TxtNormal\">Quand il y a eu des\u00a0<span style=\"color: #99cc00;\"><i><b>traumatismes psychologiques<\/b><\/i><\/span>\u00a0chez l\u2019enfant et l\u2019adulte, amenant des\u00a0<span style=\"color: #99cc00;\"><b><i>perturbations \u00e9motionnelles<\/i><\/b><\/span>.<\/p><p class=\"TxtNormal\">Ce peut \u00eatre un traumatisme simple, le plus souvent facilement identifiable tel un accident de voiture ou complexe c\u2019est-\u00e0-dire issu d\u2019\u00e9v\u00e9nements difficiles (deuil, rupture\u2026) ou de comportements inadapt\u00e9s ou insupportables de la vie quotidienne (violences familiales, abus\u2026)<\/p>\t\t\t\t\t\t\t\t<\/div>\n\t\t\t\t<\/div>\n\t\t\t\t\t<\/div>\n\t\t<\/div>\n\t\t\t\t<div class=\"elementor-column elementor-col-50 elementor-top-column elementor-element elementor-element-9dd9c37\" data-id=\"9dd9c37\" data-element_type=\"column\" data-e-type=\"column\">\n\t\t\t<div class=\"elementor-widget-wrap elementor-element-populated\">\n\t\t\t\t\t\t<div class=\"elementor-element elementor-element-7c9d604 elementor-widget elementor-widget-image\" data-id=\"7c9d604\" data-element_type=\"widget\" data-e-type=\"widget\" data-widget_type=\"image.default\">\n\t\t\t\t<div class=\"elementor-widget-container\">\n\t\t\t\t\t\t\t\t\t\t\t\t\t\t\t<img fetchpriority=\"high\" decoding=\"async\" width=\"800\" height=\"534\" src=\"https:\/\/lumynescence.fr\/wp-content\/uploads\/2025\/01\/resilience2-1024x683.jpg\" class=\"attachment-large size-large wp-image-1622\" alt=\"\" srcset=\"https:\/\/lumynescence.fr\/wp-content\/uploads\/2025\/01\/resilience2-1024x683.jpg 1024w, https:\/\/lumynescence.fr\/wp-content\/uploads\/2025\/01\/resilience2-300x200.jpg 300w, https:\/\/lumynescence.fr\/wp-content\/uploads\/2025\/01\/resilience2-768x512.jpg 768w, https:\/\/lumynescence.fr\/wp-content\/uploads\/2025\/01\/resilience2-1536x1024.jpg 1536w, https:\/\/lumynescence.fr\/wp-content\/uploads\/2025\/01\/resilience2-2048x1366.jpg 2048w\" sizes=\"(max-width: 800px) 100vw, 800px\" \/>\t\t\t\t\t\t\t\t\t\t\t\t\t\t\t<\/div>\n\t\t\t\t<\/div>\n\t\t\t\t\t<\/div>\n\t\t<\/div>\n\t\t\t\t\t<\/div>\n\t\t<\/section>\n\t\t\t\t<\/div>\n\t\t","protected":false},"excerpt":{"rendered":"<p>En savoir plus sur l\u2019EMDR L\u2019EMDR c\u2019est quoi\u00a0? L\u2019EMDR ou\u00a0Eye\u00a0Movement\u00a0Desensitization and\u00a0Reprocessing est un outil \u00e0 vis\u00e9e th\u00e9rapeutique mis au point dans les ann\u00e9es 1980\u2019. On parle \u00e9galement de SBA ou Stimulation Bilat\u00e9rale Altern\u00e9e, le principe dans les 2 cas est le m\u00eame. Il vise \u00e0 retraiter une\u00a0information\u00a0TRAUMAtique, dysfonctionnelle afin de permettre au patient-e de consid\u00e9rer [&hellip;]<\/p>\n","protected":false},"author":2,"featured_media":0,"parent":0,"menu_order":0,"comment_status":"closed","ping_status":"closed","template":"","meta":{"footnotes":""},"class_list":["post-1620","page","type-page","status-publish","hentry"],"aioseo_notices":[],"yoast_head":"<!-- This site is optimized with the Yoast SEO plugin v27.3 - https:\/\/yoast.com\/product\/yoast-seo-wordpress\/ -->\n<title>En savoir plus sur l&#039;EMDR -<\/title>\n<meta name=\"description\" content=\"Remettre l&#039;Humain au Coeur de l&#039;entreprise\" \/>\n<meta name=\"robots\" content=\"index, follow, max-snippet:-1, max-image-preview:large, max-video-preview:-1\" \/>\n<link rel=\"canonical\" href=\"https:\/\/lumynescence.fr\/index.php\/en-savoir-plus-sur-lemdr\/\" \/>\n<meta property=\"og:locale\" content=\"fr_FR\" \/>\n<meta property=\"og:type\" content=\"article\" \/>\n<meta property=\"og:title\" content=\"En savoir plus sur l&#039;EMDR -\" \/>\n<meta property=\"og:description\" content=\"Remettre l&#039;Humain au Coeur de l&#039;entreprise\" \/>\n<meta property=\"og:url\" content=\"https:\/\/lumynescence.fr\/index.php\/en-savoir-plus-sur-lemdr\/\" \/>\n<meta property=\"article:modified_time\" content=\"2025-01-13T19:47:28+00:00\" \/>\n<meta property=\"og:image\" content=\"https:\/\/lumynescence.fr\/wp-content\/uploads\/2025\/01\/resilience2-1024x683.jpg\" \/>\n<meta name=\"twitter:card\" content=\"summary_large_image\" \/>\n<meta name=\"twitter:label1\" content=\"Dur\u00e9e de lecture estim\u00e9e\" \/>\n\t<meta name=\"twitter:data1\" content=\"2 minutes\" \/>\n<script type=\"application\/ld+json\" class=\"yoast-schema-graph\">{\"@context\":\"https:\\\/\\\/schema.org\",\"@graph\":[{\"@type\":\"WebPage\",\"@id\":\"https:\\\/\\\/lumynescence.fr\\\/index.php\\\/en-savoir-plus-sur-lemdr\\\/\",\"url\":\"https:\\\/\\\/lumynescence.fr\\\/index.php\\\/en-savoir-plus-sur-lemdr\\\/\",\"name\":\"En savoir plus sur l'EMDR -\",\"isPartOf\":{\"@id\":\"https:\\\/\\\/lumynescence.fr\\\/#website\"},\"primaryImageOfPage\":{\"@id\":\"https:\\\/\\\/lumynescence.fr\\\/index.php\\\/en-savoir-plus-sur-lemdr\\\/#primaryimage\"},\"image\":{\"@id\":\"https:\\\/\\\/lumynescence.fr\\\/index.php\\\/en-savoir-plus-sur-lemdr\\\/#primaryimage\"},\"thumbnailUrl\":\"https:\\\/\\\/lumynescence.fr\\\/wp-content\\\/uploads\\\/2025\\\/01\\\/resilience2-1024x683.jpg\",\"datePublished\":\"2025-01-13T18:18:29+00:00\",\"dateModified\":\"2025-01-13T19:47:28+00:00\",\"description\":\"Remettre l'Humain au Coeur de l'entreprise\",\"breadcrumb\":{\"@id\":\"https:\\\/\\\/lumynescence.fr\\\/index.php\\\/en-savoir-plus-sur-lemdr\\\/#breadcrumb\"},\"inLanguage\":\"fr-FR\",\"potentialAction\":[{\"@type\":\"ReadAction\",\"target\":[\"https:\\\/\\\/lumynescence.fr\\\/index.php\\\/en-savoir-plus-sur-lemdr\\\/\"]}]},{\"@type\":\"ImageObject\",\"inLanguage\":\"fr-FR\",\"@id\":\"https:\\\/\\\/lumynescence.fr\\\/index.php\\\/en-savoir-plus-sur-lemdr\\\/#primaryimage\",\"url\":\"https:\\\/\\\/lumynescence.fr\\\/wp-content\\\/uploads\\\/2025\\\/01\\\/resilience2.jpg\",\"contentUrl\":\"https:\\\/\\\/lumynescence.fr\\\/wp-content\\\/uploads\\\/2025\\\/01\\\/resilience2.jpg\",\"width\":2399,\"height\":1600},{\"@type\":\"BreadcrumbList\",\"@id\":\"https:\\\/\\\/lumynescence.fr\\\/index.php\\\/en-savoir-plus-sur-lemdr\\\/#breadcrumb\",\"itemListElement\":[{\"@type\":\"ListItem\",\"position\":1,\"name\":\"Accueil\",\"item\":\"https:\\\/\\\/lumynescence.fr\\\/\"},{\"@type\":\"ListItem\",\"position\":2,\"name\":\"En savoir plus sur l&rsquo;EMDR\"}]},{\"@type\":\"WebSite\",\"@id\":\"https:\\\/\\\/lumynescence.fr\\\/#website\",\"url\":\"https:\\\/\\\/lumynescence.fr\\\/\",\"name\":\"\",\"description\":\"\",\"publisher\":{\"@id\":\"https:\\\/\\\/lumynescence.fr\\\/#organization\"},\"potentialAction\":[{\"@type\":\"SearchAction\",\"target\":{\"@type\":\"EntryPoint\",\"urlTemplate\":\"https:\\\/\\\/lumynescence.fr\\\/?s={search_term_string}\"},\"query-input\":{\"@type\":\"PropertyValueSpecification\",\"valueRequired\":true,\"valueName\":\"search_term_string\"}}],\"inLanguage\":\"fr-FR\"},{\"@type\":\"Organization\",\"@id\":\"https:\\\/\\\/lumynescence.fr\\\/#organization\",\"name\":\"LumYnescence\",\"url\":\"https:\\\/\\\/lumynescence.fr\\\/\",\"logo\":{\"@type\":\"ImageObject\",\"inLanguage\":\"fr-FR\",\"@id\":\"https:\\\/\\\/lumynescence.fr\\\/#\\\/schema\\\/logo\\\/image\\\/\",\"url\":\"http:\\\/\\\/lumynescence.fr\\\/wp-content\\\/uploads\\\/2019\\\/06\\\/Logo-Luminescence-Carr\u00e9-Centr\u00e9.png\",\"contentUrl\":\"http:\\\/\\\/lumynescence.fr\\\/wp-content\\\/uploads\\\/2019\\\/06\\\/Logo-Luminescence-Carr\u00e9-Centr\u00e9.png\",\"width\":300,\"height\":300,\"caption\":\"LumYnescence\"},\"image\":{\"@id\":\"https:\\\/\\\/lumynescence.fr\\\/#\\\/schema\\\/logo\\\/image\\\/\"},\"sameAs\":[\"http:\\\/\\\/linkedin.com\\\/in\\\/c\u00e9cile-fontaine-8b40b287\"]}]}<\/script>\n<!-- \/ Yoast SEO plugin. -->","yoast_head_json":{"title":"En savoir plus sur l'EMDR -","description":"Remettre l'Humain au Coeur de l'entreprise","robots":{"index":"index","follow":"follow","max-snippet":"max-snippet:-1","max-image-preview":"max-image-preview:large","max-video-preview":"max-video-preview:-1"},"canonical":"https:\/\/lumynescence.fr\/index.php\/en-savoir-plus-sur-lemdr\/","og_locale":"fr_FR","og_type":"article","og_title":"En savoir plus sur l'EMDR -","og_description":"Remettre l'Humain au Coeur de l'entreprise","og_url":"https:\/\/lumynescence.fr\/index.php\/en-savoir-plus-sur-lemdr\/","article_modified_time":"2025-01-13T19:47:28+00:00","og_image":[{"url":"https:\/\/lumynescence.fr\/wp-content\/uploads\/2025\/01\/resilience2-1024x683.jpg","type":"","width":"","height":""}],"twitter_card":"summary_large_image","twitter_misc":{"Dur\u00e9e de lecture estim\u00e9e":"2 minutes"},"schema":{"@context":"https:\/\/schema.org","@graph":[{"@type":"WebPage","@id":"https:\/\/lumynescence.fr\/index.php\/en-savoir-plus-sur-lemdr\/","url":"https:\/\/lumynescence.fr\/index.php\/en-savoir-plus-sur-lemdr\/","name":"En savoir plus sur l'EMDR -","isPartOf":{"@id":"https:\/\/lumynescence.fr\/#website"},"primaryImageOfPage":{"@id":"https:\/\/lumynescence.fr\/index.php\/en-savoir-plus-sur-lemdr\/#primaryimage"},"image":{"@id":"https:\/\/lumynescence.fr\/index.php\/en-savoir-plus-sur-lemdr\/#primaryimage"},"thumbnailUrl":"https:\/\/lumynescence.fr\/wp-content\/uploads\/2025\/01\/resilience2-1024x683.jpg","datePublished":"2025-01-13T18:18:29+00:00","dateModified":"2025-01-13T19:47:28+00:00","description":"Remettre l'Humain au Coeur de l'entreprise","breadcrumb":{"@id":"https:\/\/lumynescence.fr\/index.php\/en-savoir-plus-sur-lemdr\/#breadcrumb"},"inLanguage":"fr-FR","potentialAction":[{"@type":"ReadAction","target":["https:\/\/lumynescence.fr\/index.php\/en-savoir-plus-sur-lemdr\/"]}]},{"@type":"ImageObject","inLanguage":"fr-FR","@id":"https:\/\/lumynescence.fr\/index.php\/en-savoir-plus-sur-lemdr\/#primaryimage","url":"https:\/\/lumynescence.fr\/wp-content\/uploads\/2025\/01\/resilience2.jpg","contentUrl":"https:\/\/lumynescence.fr\/wp-content\/uploads\/2025\/01\/resilience2.jpg","width":2399,"height":1600},{"@type":"BreadcrumbList","@id":"https:\/\/lumynescence.fr\/index.php\/en-savoir-plus-sur-lemdr\/#breadcrumb","itemListElement":[{"@type":"ListItem","position":1,"name":"Accueil","item":"https:\/\/lumynescence.fr\/"},{"@type":"ListItem","position":2,"name":"En savoir plus sur l&rsquo;EMDR"}]},{"@type":"WebSite","@id":"https:\/\/lumynescence.fr\/#website","url":"https:\/\/lumynescence.fr\/","name":"","description":"","publisher":{"@id":"https:\/\/lumynescence.fr\/#organization"},"potentialAction":[{"@type":"SearchAction","target":{"@type":"EntryPoint","urlTemplate":"https:\/\/lumynescence.fr\/?s={search_term_string}"},"query-input":{"@type":"PropertyValueSpecification","valueRequired":true,"valueName":"search_term_string"}}],"inLanguage":"fr-FR"},{"@type":"Organization","@id":"https:\/\/lumynescence.fr\/#organization","name":"LumYnescence","url":"https:\/\/lumynescence.fr\/","logo":{"@type":"ImageObject","inLanguage":"fr-FR","@id":"https:\/\/lumynescence.fr\/#\/schema\/logo\/image\/","url":"http:\/\/lumynescence.fr\/wp-content\/uploads\/2019\/06\/Logo-Luminescence-Carr\u00e9-Centr\u00e9.png","contentUrl":"http:\/\/lumynescence.fr\/wp-content\/uploads\/2019\/06\/Logo-Luminescence-Carr\u00e9-Centr\u00e9.png","width":300,"height":300,"caption":"LumYnescence"},"image":{"@id":"https:\/\/lumynescence.fr\/#\/schema\/logo\/image\/"},"sameAs":["http:\/\/linkedin.com\/in\/c\u00e9cile-fontaine-8b40b287"]}]}},"_links":{"self":[{"href":"https:\/\/lumynescence.fr\/index.php\/wp-json\/wp\/v2\/pages\/1620","targetHints":{"allow":["GET"]}}],"collection":[{"href":"https:\/\/lumynescence.fr\/index.php\/wp-json\/wp\/v2\/pages"}],"about":[{"href":"https:\/\/lumynescence.fr\/index.php\/wp-json\/wp\/v2\/types\/page"}],"author":[{"embeddable":true,"href":"https:\/\/lumynescence.fr\/index.php\/wp-json\/wp\/v2\/users\/2"}],"replies":[{"embeddable":true,"href":"https:\/\/lumynescence.fr\/index.php\/wp-json\/wp\/v2\/comments?post=1620"}],"version-history":[{"count":17,"href":"https:\/\/lumynescence.fr\/index.php\/wp-json\/wp\/v2\/pages\/1620\/revisions"}],"predecessor-version":[{"id":1694,"href":"https:\/\/lumynescence.fr\/index.php\/wp-json\/wp\/v2\/pages\/1620\/revisions\/1694"}],"wp:attachment":[{"href":"https:\/\/lumynescence.fr\/index.php\/wp-json\/wp\/v2\/media?parent=1620"}],"curies":[{"name":"wp","href":"https:\/\/api.w.org\/{rel}","templated":true}]}}