{"id":1614,"date":"2025-01-13T19:06:48","date_gmt":"2025-01-13T18:06:48","guid":{"rendered":"https:\/\/lumynescence.fr\/?page_id=1614"},"modified":"2025-01-21T19:31:26","modified_gmt":"2025-01-21T18:31:26","slug":"pourquoi-consulter","status":"publish","type":"page","link":"https:\/\/lumynescence.fr\/index.php\/pourquoi-consulter\/","title":{"rendered":"Pourquoi consulter?"},"content":{"rendered":"\t\t<div data-elementor-type=\"wp-page\" data-elementor-id=\"1614\" class=\"elementor elementor-1614\" data-elementor-post-type=\"page\">\n\t\t\t\t\t\t<section class=\"elementor-section elementor-top-section elementor-element elementor-element-d47ffbd elementor-section-full_width elementor-section-stretched elementor-section-height-default elementor-section-height-default\" data-id=\"d47ffbd\" data-element_type=\"section\" data-e-type=\"section\" data-settings=\"{&quot;stretch_section&quot;:&quot;section-stretched&quot;}\">\n\t\t\t\t\t\t<div class=\"elementor-container elementor-column-gap-default\">\n\t\t\t\t\t<div class=\"elementor-column elementor-col-100 elementor-top-column elementor-element elementor-element-8f9c1ae\" data-id=\"8f9c1ae\" data-element_type=\"column\" data-e-type=\"column\">\n\t\t\t<div class=\"elementor-widget-wrap elementor-element-populated\">\n\t\t\t\t\t\t<div class=\"elementor-element elementor-element-eb412c1 elementor-widget elementor-widget-heading\" data-id=\"eb412c1\" data-element_type=\"widget\" data-e-type=\"widget\" data-widget_type=\"heading.default\">\n\t\t\t\t<div class=\"elementor-widget-container\">\n\t\t\t\t\t<h2 class=\"elementor-heading-title elementor-size-default\">Pourquoi consulter?<\/h2>\t\t\t\t<\/div>\n\t\t\t\t<\/div>\n\t\t\t\t\t<\/div>\n\t\t<\/div>\n\t\t\t\t\t<\/div>\n\t\t<\/section>\n\t\t\t\t<section class=\"elementor-section elementor-top-section elementor-element elementor-element-587f1d7 elementor-section-full_width elementor-section-stretched elementor-section-height-default elementor-section-height-default\" data-id=\"587f1d7\" data-element_type=\"section\" data-e-type=\"section\" data-settings=\"{&quot;stretch_section&quot;:&quot;section-stretched&quot;}\">\n\t\t\t\t\t\t<div class=\"elementor-container elementor-column-gap-default\">\n\t\t\t\t\t<div class=\"elementor-column elementor-col-50 elementor-top-column elementor-element elementor-element-3fde37d\" data-id=\"3fde37d\" data-element_type=\"column\" data-e-type=\"column\">\n\t\t\t<div class=\"elementor-widget-wrap elementor-element-populated\">\n\t\t\t\t\t\t<div class=\"elementor-element elementor-element-5e91ca5 elementor-widget elementor-widget-image\" data-id=\"5e91ca5\" data-element_type=\"widget\" data-e-type=\"widget\" data-widget_type=\"image.default\">\n\t\t\t\t<div class=\"elementor-widget-container\">\n\t\t\t\t\t\t\t\t\t\t\t\t\t\t\t<img fetchpriority=\"high\" decoding=\"async\" width=\"800\" height=\"411\" src=\"https:\/\/lumynescence.fr\/wp-content\/uploads\/2025\/01\/coquelicot-2-scaled-1-1024x526.jpg\" class=\"attachment-large size-large wp-image-2324\" alt=\"\" srcset=\"https:\/\/lumynescence.fr\/wp-content\/uploads\/2025\/01\/coquelicot-2-scaled-1-1024x526.jpg 1024w, https:\/\/lumynescence.fr\/wp-content\/uploads\/2025\/01\/coquelicot-2-scaled-1-300x154.jpg 300w, https:\/\/lumynescence.fr\/wp-content\/uploads\/2025\/01\/coquelicot-2-scaled-1-768x395.jpg 768w, https:\/\/lumynescence.fr\/wp-content\/uploads\/2025\/01\/coquelicot-2-scaled-1-1536x790.jpg 1536w, https:\/\/lumynescence.fr\/wp-content\/uploads\/2025\/01\/coquelicot-2-scaled-1-2048x1053.jpg 2048w\" sizes=\"(max-width: 800px) 100vw, 800px\" \/>\t\t\t\t\t\t\t\t\t\t\t\t\t\t\t<\/div>\n\t\t\t\t<\/div>\n\t\t\t\t\t<\/div>\n\t\t<\/div>\n\t\t\t\t<div class=\"elementor-column elementor-col-50 elementor-top-column elementor-element elementor-element-cf752f5\" data-id=\"cf752f5\" data-element_type=\"column\" data-e-type=\"column\">\n\t\t\t<div class=\"elementor-widget-wrap elementor-element-populated\">\n\t\t\t\t\t\t<div class=\"elementor-element elementor-element-8fd2256 elementor-widget elementor-widget-text-editor\" data-id=\"8fd2256\" data-element_type=\"widget\" data-e-type=\"widget\" data-widget_type=\"text-editor.default\">\n\t\t\t\t<div class=\"elementor-widget-container\">\n\t\t\t\t\t\t\t\t\t<p class=\"TxtNormal\">J\u2019exerce la\u00a0<span style=\"color: #ff0000;\"><i><b>psychoth\u00e9rapie<\/b><\/i><\/span>\u00a0c\u2019est-\u00e0-dire que j\u2019accompagne dans une recherche de mieux-\u00eatre, d\u2019\u00e9quilibre, les personnes en souffrance psychique.<\/p><p class=\"TxtNormal\">Issue de l\u2019entreprise, j\u2019ai orient\u00e9 au tout d\u00e9but mon activit\u00e9, dans les domaines de la prise en charge de la souffrance au travail et de la gestion du stress. Mais j\u2019apporte aussi mon soutien dans d\u2019autres registres d\u00e8s lors que c\u2019est hors du champ de la pathologie.<\/p><p class=\"TxtNormal\">Je ne suis ni psychiatre, je n\u2019ai pas fait d\u2019\u00e9tude de m\u00e9decine, ni psychologue, je ne suis pas pass\u00e9e par les bancs de l\u2019universit\u00e9 de psychologie. En revanche, j\u2019ai suivi de solides formations th\u00e9rapeutiques qui me permettent d\u2019accompagner de mani\u00e8re s\u00e9cure les personnes en\u00a0<span style=\"color: #ff0000;\"><i>souffrance<\/i><\/span>\u00a0\u00e0 la fois au niveau du psychisme mais aussi en tenant compte du corps et des \u00e9motions.<\/p><p class=\"TxtNormal\">Cette approche dite int\u00e9grative est le fruit de m\u00e9thodes th\u00e9rapeutiques compl\u00e9mentaires enrichis d\u2019outils\u00a0<span style=\"color: #ff0000;\"><i><b>CR\u00e9AtiFs<\/b><\/i><\/span>, utilisant l\u2019ouverture et la curiosit\u00e9 au service du patient.<\/p><p class=\"TxtNormal\">Enfin, form\u00e9e \u00e0 la pratique de l\u2019EMDR je suis en mesure \u00e9galement, de soutenir les personnes ayant subi des psycho traumas.<\/p>\t\t\t\t\t\t\t\t<\/div>\n\t\t\t\t<\/div>\n\t\t\t\t\t<\/div>\n\t\t<\/div>\n\t\t\t\t\t<\/div>\n\t\t<\/section>\n\t\t\t\t<\/div>\n\t\t","protected":false},"excerpt":{"rendered":"<p>Pourquoi consulter? J\u2019exerce la\u00a0psychoth\u00e9rapie\u00a0c\u2019est-\u00e0-dire que j\u2019accompagne dans une recherche de mieux-\u00eatre, d\u2019\u00e9quilibre, les personnes en souffrance psychique. Issue de l\u2019entreprise, j\u2019ai orient\u00e9 au tout d\u00e9but mon activit\u00e9, dans les domaines de la prise en charge de la souffrance au travail et de la gestion du stress. Mais j\u2019apporte aussi mon soutien dans d\u2019autres registres d\u00e8s [&hellip;]<\/p>\n","protected":false},"author":2,"featured_media":0,"parent":0,"menu_order":0,"comment_status":"closed","ping_status":"closed","template":"","meta":{"footnotes":""},"class_list":["post-1614","page","type-page","status-publish","hentry"],"aioseo_notices":[],"yoast_head":"<!-- This site is optimized with the Yoast SEO plugin v27.3 - https:\/\/yoast.com\/product\/yoast-seo-wordpress\/ -->\n<title>Pourquoi consulter? -<\/title>\n<meta name=\"description\" content=\"Remettre l&#039;Humain au Coeur de l&#039;entreprise\" \/>\n<meta name=\"robots\" content=\"index, follow, max-snippet:-1, max-image-preview:large, max-video-preview:-1\" \/>\n<link rel=\"canonical\" href=\"https:\/\/lumynescence.fr\/index.php\/pourquoi-consulter\/\" \/>\n<meta property=\"og:locale\" content=\"fr_FR\" \/>\n<meta property=\"og:type\" content=\"article\" \/>\n<meta property=\"og:title\" content=\"Pourquoi consulter? -\" \/>\n<meta property=\"og:description\" content=\"Remettre l&#039;Humain au Coeur de l&#039;entreprise\" \/>\n<meta property=\"og:url\" content=\"https:\/\/lumynescence.fr\/index.php\/pourquoi-consulter\/\" \/>\n<meta property=\"article:modified_time\" content=\"2025-01-21T18:31:26+00:00\" \/>\n<meta property=\"og:image\" content=\"https:\/\/lumynescence.fr\/wp-content\/uploads\/2025\/01\/coquelicot-2-scaled-1.jpg\" \/>\n\t<meta property=\"og:image:width\" content=\"2560\" \/>\n\t<meta property=\"og:image:height\" content=\"1316\" \/>\n\t<meta property=\"og:image:type\" content=\"image\/jpeg\" \/>\n<meta name=\"twitter:card\" content=\"summary_large_image\" \/>\n<meta name=\"twitter:label1\" content=\"Dur\u00e9e de lecture estim\u00e9e\" \/>\n\t<meta name=\"twitter:data1\" content=\"2 minutes\" \/>\n<script type=\"application\/ld+json\" class=\"yoast-schema-graph\">{\"@context\":\"https:\\\/\\\/schema.org\",\"@graph\":[{\"@type\":\"WebPage\",\"@id\":\"https:\\\/\\\/lumynescence.fr\\\/index.php\\\/pourquoi-consulter\\\/\",\"url\":\"https:\\\/\\\/lumynescence.fr\\\/index.php\\\/pourquoi-consulter\\\/\",\"name\":\"Pourquoi consulter? -\",\"isPartOf\":{\"@id\":\"https:\\\/\\\/lumynescence.fr\\\/#website\"},\"primaryImageOfPage\":{\"@id\":\"https:\\\/\\\/lumynescence.fr\\\/index.php\\\/pourquoi-consulter\\\/#primaryimage\"},\"image\":{\"@id\":\"https:\\\/\\\/lumynescence.fr\\\/index.php\\\/pourquoi-consulter\\\/#primaryimage\"},\"thumbnailUrl\":\"https:\\\/\\\/lumynescence.fr\\\/wp-content\\\/uploads\\\/2025\\\/01\\\/coquelicot-2-scaled-1-1024x526.jpg\",\"datePublished\":\"2025-01-13T18:06:48+00:00\",\"dateModified\":\"2025-01-21T18:31:26+00:00\",\"description\":\"Remettre l'Humain au Coeur de l'entreprise\",\"breadcrumb\":{\"@id\":\"https:\\\/\\\/lumynescence.fr\\\/index.php\\\/pourquoi-consulter\\\/#breadcrumb\"},\"inLanguage\":\"fr-FR\",\"potentialAction\":[{\"@type\":\"ReadAction\",\"target\":[\"https:\\\/\\\/lumynescence.fr\\\/index.php\\\/pourquoi-consulter\\\/\"]}]},{\"@type\":\"ImageObject\",\"inLanguage\":\"fr-FR\",\"@id\":\"https:\\\/\\\/lumynescence.fr\\\/index.php\\\/pourquoi-consulter\\\/#primaryimage\",\"url\":\"https:\\\/\\\/lumynescence.fr\\\/wp-content\\\/uploads\\\/2025\\\/01\\\/coquelicot-2-scaled-1.jpg\",\"contentUrl\":\"https:\\\/\\\/lumynescence.fr\\\/wp-content\\\/uploads\\\/2025\\\/01\\\/coquelicot-2-scaled-1.jpg\",\"width\":2560,\"height\":1316},{\"@type\":\"BreadcrumbList\",\"@id\":\"https:\\\/\\\/lumynescence.fr\\\/index.php\\\/pourquoi-consulter\\\/#breadcrumb\",\"itemListElement\":[{\"@type\":\"ListItem\",\"position\":1,\"name\":\"Accueil\",\"item\":\"https:\\\/\\\/lumynescence.fr\\\/\"},{\"@type\":\"ListItem\",\"position\":2,\"name\":\"Pourquoi consulter?\"}]},{\"@type\":\"WebSite\",\"@id\":\"https:\\\/\\\/lumynescence.fr\\\/#website\",\"url\":\"https:\\\/\\\/lumynescence.fr\\\/\",\"name\":\"\",\"description\":\"\",\"publisher\":{\"@id\":\"https:\\\/\\\/lumynescence.fr\\\/#organization\"},\"potentialAction\":[{\"@type\":\"SearchAction\",\"target\":{\"@type\":\"EntryPoint\",\"urlTemplate\":\"https:\\\/\\\/lumynescence.fr\\\/?s={search_term_string}\"},\"query-input\":{\"@type\":\"PropertyValueSpecification\",\"valueRequired\":true,\"valueName\":\"search_term_string\"}}],\"inLanguage\":\"fr-FR\"},{\"@type\":\"Organization\",\"@id\":\"https:\\\/\\\/lumynescence.fr\\\/#organization\",\"name\":\"LumYnescence\",\"url\":\"https:\\\/\\\/lumynescence.fr\\\/\",\"logo\":{\"@type\":\"ImageObject\",\"inLanguage\":\"fr-FR\",\"@id\":\"https:\\\/\\\/lumynescence.fr\\\/#\\\/schema\\\/logo\\\/image\\\/\",\"url\":\"http:\\\/\\\/lumynescence.fr\\\/wp-content\\\/uploads\\\/2019\\\/06\\\/Logo-Luminescence-Carr\u00e9-Centr\u00e9.png\",\"contentUrl\":\"http:\\\/\\\/lumynescence.fr\\\/wp-content\\\/uploads\\\/2019\\\/06\\\/Logo-Luminescence-Carr\u00e9-Centr\u00e9.png\",\"width\":300,\"height\":300,\"caption\":\"LumYnescence\"},\"image\":{\"@id\":\"https:\\\/\\\/lumynescence.fr\\\/#\\\/schema\\\/logo\\\/image\\\/\"},\"sameAs\":[\"http:\\\/\\\/linkedin.com\\\/in\\\/c\u00e9cile-fontaine-8b40b287\"]}]}<\/script>\n<!-- \/ Yoast SEO plugin. -->","yoast_head_json":{"title":"Pourquoi consulter? -","description":"Remettre l'Humain au Coeur de l'entreprise","robots":{"index":"index","follow":"follow","max-snippet":"max-snippet:-1","max-image-preview":"max-image-preview:large","max-video-preview":"max-video-preview:-1"},"canonical":"https:\/\/lumynescence.fr\/index.php\/pourquoi-consulter\/","og_locale":"fr_FR","og_type":"article","og_title":"Pourquoi consulter? -","og_description":"Remettre l'Humain au Coeur de l'entreprise","og_url":"https:\/\/lumynescence.fr\/index.php\/pourquoi-consulter\/","article_modified_time":"2025-01-21T18:31:26+00:00","og_image":[{"width":2560,"height":1316,"url":"https:\/\/lumynescence.fr\/wp-content\/uploads\/2025\/01\/coquelicot-2-scaled-1.jpg","type":"image\/jpeg"}],"twitter_card":"summary_large_image","twitter_misc":{"Dur\u00e9e de lecture estim\u00e9e":"2 minutes"},"schema":{"@context":"https:\/\/schema.org","@graph":[{"@type":"WebPage","@id":"https:\/\/lumynescence.fr\/index.php\/pourquoi-consulter\/","url":"https:\/\/lumynescence.fr\/index.php\/pourquoi-consulter\/","name":"Pourquoi consulter? -","isPartOf":{"@id":"https:\/\/lumynescence.fr\/#website"},"primaryImageOfPage":{"@id":"https:\/\/lumynescence.fr\/index.php\/pourquoi-consulter\/#primaryimage"},"image":{"@id":"https:\/\/lumynescence.fr\/index.php\/pourquoi-consulter\/#primaryimage"},"thumbnailUrl":"https:\/\/lumynescence.fr\/wp-content\/uploads\/2025\/01\/coquelicot-2-scaled-1-1024x526.jpg","datePublished":"2025-01-13T18:06:48+00:00","dateModified":"2025-01-21T18:31:26+00:00","description":"Remettre l'Humain au Coeur de l'entreprise","breadcrumb":{"@id":"https:\/\/lumynescence.fr\/index.php\/pourquoi-consulter\/#breadcrumb"},"inLanguage":"fr-FR","potentialAction":[{"@type":"ReadAction","target":["https:\/\/lumynescence.fr\/index.php\/pourquoi-consulter\/"]}]},{"@type":"ImageObject","inLanguage":"fr-FR","@id":"https:\/\/lumynescence.fr\/index.php\/pourquoi-consulter\/#primaryimage","url":"https:\/\/lumynescence.fr\/wp-content\/uploads\/2025\/01\/coquelicot-2-scaled-1.jpg","contentUrl":"https:\/\/lumynescence.fr\/wp-content\/uploads\/2025\/01\/coquelicot-2-scaled-1.jpg","width":2560,"height":1316},{"@type":"BreadcrumbList","@id":"https:\/\/lumynescence.fr\/index.php\/pourquoi-consulter\/#breadcrumb","itemListElement":[{"@type":"ListItem","position":1,"name":"Accueil","item":"https:\/\/lumynescence.fr\/"},{"@type":"ListItem","position":2,"name":"Pourquoi consulter?"}]},{"@type":"WebSite","@id":"https:\/\/lumynescence.fr\/#website","url":"https:\/\/lumynescence.fr\/","name":"","description":"","publisher":{"@id":"https:\/\/lumynescence.fr\/#organization"},"potentialAction":[{"@type":"SearchAction","target":{"@type":"EntryPoint","urlTemplate":"https:\/\/lumynescence.fr\/?s={search_term_string}"},"query-input":{"@type":"PropertyValueSpecification","valueRequired":true,"valueName":"search_term_string"}}],"inLanguage":"fr-FR"},{"@type":"Organization","@id":"https:\/\/lumynescence.fr\/#organization","name":"LumYnescence","url":"https:\/\/lumynescence.fr\/","logo":{"@type":"ImageObject","inLanguage":"fr-FR","@id":"https:\/\/lumynescence.fr\/#\/schema\/logo\/image\/","url":"http:\/\/lumynescence.fr\/wp-content\/uploads\/2019\/06\/Logo-Luminescence-Carr\u00e9-Centr\u00e9.png","contentUrl":"http:\/\/lumynescence.fr\/wp-content\/uploads\/2019\/06\/Logo-Luminescence-Carr\u00e9-Centr\u00e9.png","width":300,"height":300,"caption":"LumYnescence"},"image":{"@id":"https:\/\/lumynescence.fr\/#\/schema\/logo\/image\/"},"sameAs":["http:\/\/linkedin.com\/in\/c\u00e9cile-fontaine-8b40b287"]}]}},"_links":{"self":[{"href":"https:\/\/lumynescence.fr\/index.php\/wp-json\/wp\/v2\/pages\/1614","targetHints":{"allow":["GET"]}}],"collection":[{"href":"https:\/\/lumynescence.fr\/index.php\/wp-json\/wp\/v2\/pages"}],"about":[{"href":"https:\/\/lumynescence.fr\/index.php\/wp-json\/wp\/v2\/types\/page"}],"author":[{"embeddable":true,"href":"https:\/\/lumynescence.fr\/index.php\/wp-json\/wp\/v2\/users\/2"}],"replies":[{"embeddable":true,"href":"https:\/\/lumynescence.fr\/index.php\/wp-json\/wp\/v2\/comments?post=1614"}],"version-history":[{"count":16,"href":"https:\/\/lumynescence.fr\/index.php\/wp-json\/wp\/v2\/pages\/1614\/revisions"}],"predecessor-version":[{"id":2366,"href":"https:\/\/lumynescence.fr\/index.php\/wp-json\/wp\/v2\/pages\/1614\/revisions\/2366"}],"wp:attachment":[{"href":"https:\/\/lumynescence.fr\/index.php\/wp-json\/wp\/v2\/media?parent=1614"}],"curies":[{"name":"wp","href":"https:\/\/api.w.org\/{rel}","templated":true}]}}