{"id":148,"date":"2019-06-21T12:27:56","date_gmt":"2019-06-21T10:27:56","guid":{"rendered":"http:\/\/lumynescence.fr\/?page_id=148"},"modified":"2025-01-23T11:27:52","modified_gmt":"2025-01-23T10:27:52","slug":"l4-quelle-est-la-methode","status":"publish","type":"page","link":"https:\/\/lumynescence.fr\/index.php\/l4-quelle-est-la-methode\/","title":{"rendered":"L4-Quelle est la m\u00e9thode?"},"content":{"rendered":"\t\t<div data-elementor-type=\"wp-page\" data-elementor-id=\"148\" class=\"elementor elementor-148\" data-elementor-post-type=\"page\">\n\t\t\t\t\t\t<section class=\"elementor-section elementor-top-section elementor-element elementor-element-1767e50 elementor-section-full_width elementor-section-stretched elementor-section-height-default elementor-section-height-default\" data-id=\"1767e50\" data-element_type=\"section\" data-e-type=\"section\" data-settings=\"{&quot;stretch_section&quot;:&quot;section-stretched&quot;}\">\n\t\t\t\t\t\t<div class=\"elementor-container elementor-column-gap-default\">\n\t\t\t\t\t<div class=\"elementor-column elementor-col-100 elementor-top-column elementor-element elementor-element-0c9eb06\" data-id=\"0c9eb06\" data-element_type=\"column\" data-e-type=\"column\">\n\t\t\t<div class=\"elementor-widget-wrap elementor-element-populated\">\n\t\t\t\t\t\t<div class=\"elementor-element elementor-element-2ea3166 elementor-widget elementor-widget-heading\" data-id=\"2ea3166\" data-element_type=\"widget\" data-e-type=\"widget\" data-widget_type=\"heading.default\">\n\t\t\t\t<div class=\"elementor-widget-container\">\n\t\t\t\t\t<h2 class=\"elementor-heading-title elementor-size-default\">Des m\u00e9thodes av\u00e9r\u00e9es<\/h2>\t\t\t\t<\/div>\n\t\t\t\t<\/div>\n\t\t\t\t\t<\/div>\n\t\t<\/div>\n\t\t\t\t\t<\/div>\n\t\t<\/section>\n\t\t\t\t<section class=\"elementor-section elementor-top-section elementor-element elementor-element-ea85906 elementor-section-boxed elementor-section-height-default elementor-section-height-default\" data-id=\"ea85906\" data-element_type=\"section\" data-e-type=\"section\">\n\t\t\t\t\t\t<div class=\"elementor-container elementor-column-gap-default\">\n\t\t\t\t\t<div class=\"elementor-column elementor-col-100 elementor-top-column elementor-element elementor-element-244e0c1\" data-id=\"244e0c1\" data-element_type=\"column\" data-e-type=\"column\">\n\t\t\t<div class=\"elementor-widget-wrap elementor-element-populated\">\n\t\t\t\t\t\t<div class=\"elementor-element elementor-element-e81b18f elementor-widget elementor-widget-image\" data-id=\"e81b18f\" data-element_type=\"widget\" data-e-type=\"widget\" data-widget_type=\"image.default\">\n\t\t\t\t<div class=\"elementor-widget-container\">\n\t\t\t\t\t\t\t\t\t\t\t\t\t\t\t<img fetchpriority=\"high\" decoding=\"async\" width=\"800\" height=\"241\" src=\"https:\/\/lumynescence.fr\/wp-content\/uploads\/2019\/06\/Boussole-05b-1024x308.png\" class=\"attachment-large size-large wp-image-296\" alt=\"\" srcset=\"https:\/\/lumynescence.fr\/wp-content\/uploads\/2019\/06\/Boussole-05b-1024x308.png 1024w, https:\/\/lumynescence.fr\/wp-content\/uploads\/2019\/06\/Boussole-05b-300x90.png 300w, https:\/\/lumynescence.fr\/wp-content\/uploads\/2019\/06\/Boussole-05b-768x231.png 768w, https:\/\/lumynescence.fr\/wp-content\/uploads\/2019\/06\/Boussole-05b.png 1996w\" sizes=\"(max-width: 800px) 100vw, 800px\" \/>\t\t\t\t\t\t\t\t\t\t\t\t\t\t\t<\/div>\n\t\t\t\t<\/div>\n\t\t\t\t\t<\/div>\n\t\t<\/div>\n\t\t\t\t\t<\/div>\n\t\t<\/section>\n\t\t\t\t<section class=\"elementor-section elementor-top-section elementor-element elementor-element-13d779a elementor-section-boxed elementor-section-height-default elementor-section-height-default\" data-id=\"13d779a\" data-element_type=\"section\" data-e-type=\"section\">\n\t\t\t\t\t\t<div class=\"elementor-container elementor-column-gap-default\">\n\t\t\t\t\t<div class=\"elementor-column elementor-col-100 elementor-top-column elementor-element elementor-element-852508\" data-id=\"852508\" data-element_type=\"column\" data-e-type=\"column\">\n\t\t\t<div class=\"elementor-widget-wrap elementor-element-populated\">\n\t\t\t\t\t\t<div class=\"elementor-element elementor-element-44ba2952 elementor-widget elementor-widget-text-editor\" data-id=\"44ba2952\" data-element_type=\"widget\" data-e-type=\"widget\" data-widget_type=\"text-editor.default\">\n\t\t\t\t<div class=\"elementor-widget-container\">\n\t\t\t\t\t\t\t\t\t\n<p class=\"has-text-color has-drop-cap has-very-dark-gray-color\" style=\"font-size: 15px;\">L\u2019objectif de LumYnescence est d\u2019accompagner au plus juste les Hommes et les entreprises dans leur singularit\u00e9. Nous allons tout d\u2019abord \u00e9tablir un diagnostic pr\u00e9cis des besoins et proposer \u00e0 partir de l\u00e0, un suivi sur-mesure y r\u00e9pondant au plus pr\u00e8s. <br \/>Il peut s\u2019agir de coaching individuel, Team Building, formations, conseils\u2026 en intelligence de situation.<\/p>\n\t\t\t\t\t\t\t\t<\/div>\n\t\t\t\t<\/div>\n\t\t\t\t\t<\/div>\n\t\t<\/div>\n\t\t\t\t\t<\/div>\n\t\t<\/section>\n\t\t\t\t<section class=\"elementor-section elementor-top-section elementor-element elementor-element-7450e96 elementor-section-boxed elementor-section-height-default elementor-section-height-default\" data-id=\"7450e96\" data-element_type=\"section\" data-e-type=\"section\">\n\t\t\t\t\t\t<div class=\"elementor-container elementor-column-gap-default\">\n\t\t\t\t\t<div class=\"elementor-column elementor-col-100 elementor-top-column elementor-element elementor-element-60a68a0\" data-id=\"60a68a0\" data-element_type=\"column\" data-e-type=\"column\">\n\t\t\t<div class=\"elementor-widget-wrap elementor-element-populated\">\n\t\t\t\t\t\t<div class=\"elementor-element elementor-element-d8440b9 elementor-widget elementor-widget-text-editor\" data-id=\"d8440b9\" data-element_type=\"widget\" data-e-type=\"widget\" data-widget_type=\"text-editor.default\">\n\t\t\t\t<div class=\"elementor-widget-container\">\n\t\t\t\t\t\t\t\t\t<p><img decoding=\"async\" class=\"wp-image-1193\" src=\"https:\/\/lumynescence.fr\/wp-content\/uploads\/2022\/08\/MD-logo.png\" alt=\"\" width=\"172\" height=\"160\" srcset=\"https:\/\/lumynescence.fr\/wp-content\/uploads\/2022\/08\/MD-logo.png 375w, https:\/\/lumynescence.fr\/wp-content\/uploads\/2022\/08\/MD-logo-300x278.png 300w\" sizes=\"(max-width: 172px) 100vw, 172px\" \/><\/p>\t\t\t\t\t\t\t\t<\/div>\n\t\t\t\t<\/div>\n\t\t\t\t\t<\/div>\n\t\t<\/div>\n\t\t\t\t\t<\/div>\n\t\t<\/section>\n\t\t\t\t<section class=\"elementor-section elementor-top-section elementor-element elementor-element-3cbef4f elementor-section-boxed elementor-section-height-default elementor-section-height-default\" data-id=\"3cbef4f\" data-element_type=\"section\" data-e-type=\"section\">\n\t\t\t\t\t\t<div class=\"elementor-container elementor-column-gap-default\">\n\t\t\t\t\t<div class=\"elementor-column elementor-col-100 elementor-top-column elementor-element elementor-element-11940f5\" data-id=\"11940f5\" data-element_type=\"column\" data-e-type=\"column\">\n\t\t\t<div class=\"elementor-widget-wrap elementor-element-populated\">\n\t\t\t\t\t\t<div class=\"elementor-element elementor-element-e21fa99 elementor-widget elementor-widget-text-editor\" data-id=\"e21fa99\" data-element_type=\"widget\" data-e-type=\"widget\" data-widget_type=\"text-editor.default\">\n\t\t\t\t<div class=\"elementor-widget-container\">\n\t\t\t\t\t\t\t\t\t<p>C\u2019est avant tout un outil de diagnostic qui permet de <strong><em>(re)conna\u00eetre ses motivations au travail<\/em>.<\/strong><\/p>\n<p><!-- \/wp:paragraph --><\/p>\n<p><!-- wp:paragraph --><\/p>\n<p>Il existe 6 motivations universelles qui peuvent nous donner de l\u2019\u00e9lan et nous mettre en mouvement\u00a0:<\/p>\n<p>\u00a0<\/p>\n<p>Ces motivations s\u2019activent, ou pas, face aux situations ce qui nous permet soit effectivement d\u2019aller de l\u2019avant soit nous emp\u00eachent d\u2019avancer d\u00e8s lors qu\u2019elles nous apparaissent comme \u2018n\u00e9gatives\u2019.<br \/>L\u2019objectif de cet outil est de pouvoir prendre appui sur ses propres motivations, prendre conscience de celles qui nous irritent, de l\u2019\u00e9nergie qu\u2019elles peuvent nous apporter, ou au contraire, nous prendre et enfin comment nous faisons face aux situations de stress au regard de nos motivations.<\/p>\t\t\t\t\t\t\t\t<\/div>\n\t\t\t\t<\/div>\n\t\t\t\t\t<\/div>\n\t\t<\/div>\n\t\t\t\t\t<\/div>\n\t\t<\/section>\n\t\t\t\t<section class=\"elementor-section elementor-top-section elementor-element elementor-element-c416d4b elementor-section-boxed elementor-section-height-default elementor-section-height-default\" data-id=\"c416d4b\" data-element_type=\"section\" data-e-type=\"section\">\n\t\t\t\t\t\t<div class=\"elementor-container elementor-column-gap-default\">\n\t\t\t\t\t<div class=\"elementor-column elementor-col-100 elementor-top-column elementor-element elementor-element-6d829ba\" data-id=\"6d829ba\" data-element_type=\"column\" data-e-type=\"column\">\n\t\t\t<div class=\"elementor-widget-wrap elementor-element-populated\">\n\t\t\t\t\t\t<div class=\"elementor-element elementor-element-b48a9a3 elementor-widget elementor-widget-gallery\" data-id=\"b48a9a3\" data-element_type=\"widget\" data-e-type=\"widget\" data-settings=\"{&quot;columns&quot;:3,&quot;overlay_title&quot;:&quot;caption&quot;,&quot;gallery_layout&quot;:&quot;grid&quot;,&quot;columns_tablet&quot;:2,&quot;columns_mobile&quot;:1,&quot;gap&quot;:{&quot;unit&quot;:&quot;px&quot;,&quot;size&quot;:10,&quot;sizes&quot;:[]},&quot;gap_tablet&quot;:{&quot;unit&quot;:&quot;px&quot;,&quot;size&quot;:10,&quot;sizes&quot;:[]},&quot;gap_mobile&quot;:{&quot;unit&quot;:&quot;px&quot;,&quot;size&quot;:10,&quot;sizes&quot;:[]},&quot;link_to&quot;:&quot;file&quot;,&quot;aspect_ratio&quot;:&quot;3:2&quot;,&quot;overlay_background&quot;:&quot;yes&quot;,&quot;content_hover_animation&quot;:&quot;fade-in&quot;}\" data-widget_type=\"gallery.default\">\n\t\t\t\t<div class=\"elementor-widget-container\">\n\t\t\t\t\t\t\t<div class=\"elementor-gallery__container\">\n\t\t\t\t\t\t\t<a class=\"e-gallery-item elementor-gallery-item elementor-animated-content\" href=\"https:\/\/lumynescence.fr\/wp-content\/uploads\/2022\/08\/T2-fauxels-3182783.png\" data-elementor-open-lightbox=\"yes\" data-elementor-lightbox-slideshow=\"b48a9a3\" data-elementor-lightbox-title=\"T2-fauxels-3182783\" data-e-action-hash=\"#elementor-action%3Aaction%3Dlightbox%26settings%3DeyJpZCI6MTIwNiwidXJsIjoiaHR0cHM6XC9cL2x1bXluZXNjZW5jZS5mclwvd3AtY29udGVudFwvdXBsb2Fkc1wvMjAyMlwvMDhcL1QyLWZhdXhlbHMtMzE4Mjc4My5wbmciLCJzbGlkZXNob3ciOiJiNDhhOWEzIn0%3D\">\n\t\t\t\t\t<div class=\"e-gallery-image elementor-gallery-item__image\" data-thumbnail=\"https:\/\/lumynescence.fr\/wp-content\/uploads\/2022\/08\/T2-fauxels-3182783-300x200.png\" data-width=\"300\" data-height=\"200\" aria-label=\"\" role=\"img\" ><\/div>\n\t\t\t\t\t\t\t\t\t\t\t<div class=\"elementor-gallery-item__overlay\"><\/div>\n\t\t\t\t\t\t\t\t\t\t\t\t\t\t\t<div class=\"elementor-gallery-item__content\">\n\t\t\t\t\t\t\t\t\t\t\t\t\t\t<div class=\"elementor-gallery-item__title\">\n\t\t\t\t\t\t\t\t\t\t\t\t\t\t\t\t\t\tLa coop\u00e9ratIon\t\t\t\t\t\t\t\t<\/div>\n\t\t\t\t\t\t\t\t\t\t\t\t<\/div>\n\t\t\t\t\t\t\t\t\t<\/a>\n\t\t\t\t\t\t\t<a class=\"e-gallery-item elementor-gallery-item elementor-animated-content\" href=\"https:\/\/lumynescence.fr\/wp-content\/uploads\/2022\/08\/T2-allan-mas-5623729.png\" data-elementor-open-lightbox=\"yes\" data-elementor-lightbox-slideshow=\"b48a9a3\" data-elementor-lightbox-title=\"T2-allan-mas-5623729\" data-e-action-hash=\"#elementor-action%3Aaction%3Dlightbox%26settings%3DeyJpZCI6MTIwOCwidXJsIjoiaHR0cHM6XC9cL2x1bXluZXNjZW5jZS5mclwvd3AtY29udGVudFwvdXBsb2Fkc1wvMjAyMlwvMDhcL1QyLWFsbGFuLW1hcy01NjIzNzI5LnBuZyIsInNsaWRlc2hvdyI6ImI0OGE5YTMifQ%3D%3D\">\n\t\t\t\t\t<div class=\"e-gallery-image elementor-gallery-item__image\" data-thumbnail=\"https:\/\/lumynescence.fr\/wp-content\/uploads\/2022\/08\/T2-allan-mas-5623729-300x200.png\" data-width=\"300\" data-height=\"200\" aria-label=\"\" role=\"img\" ><\/div>\n\t\t\t\t\t\t\t\t\t\t\t<div class=\"elementor-gallery-item__overlay\"><\/div>\n\t\t\t\t\t\t\t\t\t\t\t\t\t\t\t<div class=\"elementor-gallery-item__content\">\n\t\t\t\t\t\t\t\t\t\t\t\t\t\t<div class=\"elementor-gallery-item__title\">\n\t\t\t\t\t\t\t\t\t\t\t\t\t\t\t\t\t\tLa curiosit\u00e9\t\t\t\t\t\t\t\t<\/div>\n\t\t\t\t\t\t\t\t\t\t\t\t<\/div>\n\t\t\t\t\t\t\t\t\t<\/a>\n\t\t\t\t\t\t\t<a class=\"e-gallery-item elementor-gallery-item elementor-animated-content\" href=\"https:\/\/lumynescence.fr\/wp-content\/uploads\/2022\/08\/T2-nina-uhlikova-725255.png\" data-elementor-open-lightbox=\"yes\" data-elementor-lightbox-slideshow=\"b48a9a3\" data-elementor-lightbox-title=\"T2-nina-uhl\u00edkov\u00e1-725255\" data-e-action-hash=\"#elementor-action%3Aaction%3Dlightbox%26settings%3DeyJpZCI6MTIwMiwidXJsIjoiaHR0cHM6XC9cL2x1bXluZXNjZW5jZS5mclwvd3AtY29udGVudFwvdXBsb2Fkc1wvMjAyMlwvMDhcL1QyLW5pbmEtdWhsaWtvdmEtNzI1MjU1LnBuZyIsInNsaWRlc2hvdyI6ImI0OGE5YTMifQ%3D%3D\">\n\t\t\t\t\t<div class=\"e-gallery-image elementor-gallery-item__image\" data-thumbnail=\"https:\/\/lumynescence.fr\/wp-content\/uploads\/2022\/08\/T2-nina-uhlikova-725255-300x225.png\" data-width=\"300\" data-height=\"225\" aria-label=\"\" role=\"img\" ><\/div>\n\t\t\t\t\t\t\t\t\t\t\t<div class=\"elementor-gallery-item__overlay\"><\/div>\n\t\t\t\t\t\t\t\t\t\t\t\t\t\t\t<div class=\"elementor-gallery-item__content\">\n\t\t\t\t\t\t\t\t\t\t\t\t\t\t<div class=\"elementor-gallery-item__title\">\n\t\t\t\t\t\t\t\t\t\t\t\t\t\t\t\t\t\tL\u2019atteinte d\u2019objectifs\t\t\t\t\t\t\t\t<\/div>\n\t\t\t\t\t\t\t\t\t\t\t\t<\/div>\n\t\t\t\t\t\t\t\t\t<\/a>\n\t\t\t\t\t\t\t<a class=\"e-gallery-item elementor-gallery-item elementor-animated-content\" href=\"https:\/\/lumynescence.fr\/wp-content\/uploads\/2022\/08\/T2-tatiana-syrikova-3975570.png\" data-elementor-open-lightbox=\"yes\" data-elementor-lightbox-slideshow=\"b48a9a3\" data-elementor-lightbox-title=\"T2-tatiana-syrikova-3975570\" data-e-action-hash=\"#elementor-action%3Aaction%3Dlightbox%26settings%3DeyJpZCI6MTIxMCwidXJsIjoiaHR0cHM6XC9cL2x1bXluZXNjZW5jZS5mclwvd3AtY29udGVudFwvdXBsb2Fkc1wvMjAyMlwvMDhcL1QyLXRhdGlhbmEtc3lyaWtvdmEtMzk3NTU3MC5wbmciLCJzbGlkZXNob3ciOiJiNDhhOWEzIn0%3D\">\n\t\t\t\t\t<div class=\"e-gallery-image elementor-gallery-item__image\" data-thumbnail=\"https:\/\/lumynescence.fr\/wp-content\/uploads\/2022\/08\/T2-tatiana-syrikova-3975570-200x300.png\" data-width=\"200\" data-height=\"300\" aria-label=\"\" role=\"img\" ><\/div>\n\t\t\t\t\t\t\t\t\t\t\t<div class=\"elementor-gallery-item__overlay\"><\/div>\n\t\t\t\t\t\t\t\t\t\t\t\t\t\t\t<div class=\"elementor-gallery-item__content\">\n\t\t\t\t\t\t\t\t\t\t\t\t\t\t<div class=\"elementor-gallery-item__title\">\n\t\t\t\t\t\t\t\t\t\t\t\t\t\t\t\t\t\tL\u2019organisation\t\t\t\t\t\t\t\t<\/div>\n\t\t\t\t\t\t\t\t\t\t\t\t<\/div>\n\t\t\t\t\t\t\t\t\t<\/a>\n\t\t\t\t\t\t\t<a class=\"e-gallery-item elementor-gallery-item elementor-animated-content\" href=\"https:\/\/lumynescence.fr\/wp-content\/uploads\/2022\/08\/T2-pixabay-163291.png\" data-elementor-open-lightbox=\"yes\" data-elementor-lightbox-slideshow=\"b48a9a3\" data-elementor-lightbox-title=\"T2-pixabay-163291\" data-e-action-hash=\"#elementor-action%3Aaction%3Dlightbox%26settings%3DeyJpZCI6MTIwMCwidXJsIjoiaHR0cHM6XC9cL2x1bXluZXNjZW5jZS5mclwvd3AtY29udGVudFwvdXBsb2Fkc1wvMjAyMlwvMDhcL1QyLXBpeGFiYXktMTYzMjkxLnBuZyIsInNsaWRlc2hvdyI6ImI0OGE5YTMifQ%3D%3D\">\n\t\t\t\t\t<div class=\"e-gallery-image elementor-gallery-item__image\" data-thumbnail=\"https:\/\/lumynescence.fr\/wp-content\/uploads\/2022\/08\/T2-pixabay-163291-300x200.png\" data-width=\"300\" data-height=\"200\" aria-label=\"\" role=\"img\" ><\/div>\n\t\t\t\t\t\t\t\t\t\t\t<div class=\"elementor-gallery-item__overlay\"><\/div>\n\t\t\t\t\t\t\t\t\t\t\t\t\t\t\t<div class=\"elementor-gallery-item__content\">\n\t\t\t\t\t\t\t\t\t\t\t\t\t\t<div class=\"elementor-gallery-item__title\">\n\t\t\t\t\t\t\t\t\t\t\t\t\t\t\t\t\t\tLa prise de d\u00e9cision\t\t\t\t\t\t\t\t<\/div>\n\t\t\t\t\t\t\t\t\t\t\t\t<\/div>\n\t\t\t\t\t\t\t\t\t<\/a>\n\t\t\t\t\t\t\t<a class=\"e-gallery-item elementor-gallery-item elementor-animated-content\" href=\"https:\/\/lumynescence.fr\/wp-content\/uploads\/2022\/08\/T2-nandhu-kumar-312839.png\" data-elementor-open-lightbox=\"yes\" data-elementor-lightbox-slideshow=\"b48a9a3\" data-elementor-lightbox-title=\"T2-nandhu-kumar-312839\" data-e-action-hash=\"#elementor-action%3Aaction%3Dlightbox%26settings%3DeyJpZCI6MTIxMiwidXJsIjoiaHR0cHM6XC9cL2x1bXluZXNjZW5jZS5mclwvd3AtY29udGVudFwvdXBsb2Fkc1wvMjAyMlwvMDhcL1QyLW5hbmRodS1rdW1hci0zMTI4MzkucG5nIiwic2xpZGVzaG93IjoiYjQ4YTlhMyJ9\">\n\t\t\t\t\t<div class=\"e-gallery-image elementor-gallery-item__image\" data-thumbnail=\"https:\/\/lumynescence.fr\/wp-content\/uploads\/2022\/08\/T2-nandhu-kumar-312839-300x200.png\" data-width=\"300\" data-height=\"200\" aria-label=\"\" role=\"img\" ><\/div>\n\t\t\t\t\t\t\t\t\t\t\t<div class=\"elementor-gallery-item__overlay\"><\/div>\n\t\t\t\t\t\t\t\t\t\t\t\t\t\t\t<div class=\"elementor-gallery-item__content\">\n\t\t\t\t\t\t\t\t\t\t\t\t\t\t<div class=\"elementor-gallery-item__title\">\n\t\t\t\t\t\t\t\t\t\t\t\t\t\t\t\t\t\tLa confiance\t\t\t\t\t\t\t\t<\/div>\n\t\t\t\t\t\t\t\t\t\t\t\t<\/div>\n\t\t\t\t\t\t\t\t\t<\/a>\n\t\t\t\t\t<\/div>\n\t\t\t\t\t<\/div>\n\t\t\t\t<\/div>\n\t\t\t\t\t<\/div>\n\t\t<\/div>\n\t\t\t\t\t<\/div>\n\t\t<\/section>\n\t\t\t\t<\/div>\n\t\t","protected":false},"excerpt":{"rendered":"<p>Des m\u00e9thodes av\u00e9r\u00e9es L\u2019objectif de LumYnescence est d\u2019accompagner au plus juste les Hommes et les entreprises dans leur singularit\u00e9. Nous allons tout d\u2019abord \u00e9tablir un diagnostic pr\u00e9cis des besoins et proposer \u00e0 partir de l\u00e0, un suivi sur-mesure y r\u00e9pondant au plus pr\u00e8s. Il peut s\u2019agir de coaching individuel, Team Building, formations, conseils\u2026 en intelligence [&hellip;]<\/p>\n","protected":false},"author":3,"featured_media":298,"parent":0,"menu_order":0,"comment_status":"closed","ping_status":"closed","template":"","meta":{"footnotes":""},"class_list":["post-148","page","type-page","status-publish","has-post-thumbnail","hentry"],"aioseo_notices":[],"yoast_head":"<!-- This site is optimized with the Yoast SEO plugin v27.3 - https:\/\/yoast.com\/product\/yoast-seo-wordpress\/ -->\n<title>L4-Quelle est la m\u00e9thode? -<\/title>\n<meta name=\"description\" content=\"Remettre l&#039;Humain au Coeur de l&#039;entreprise\" \/>\n<meta name=\"robots\" content=\"index, follow, max-snippet:-1, max-image-preview:large, max-video-preview:-1\" \/>\n<link rel=\"canonical\" href=\"https:\/\/lumynescence.fr\/index.php\/l4-quelle-est-la-methode\/\" \/>\n<meta property=\"og:locale\" content=\"fr_FR\" \/>\n<meta property=\"og:type\" content=\"article\" \/>\n<meta property=\"og:title\" content=\"L4-Quelle est la m\u00e9thode? -\" \/>\n<meta property=\"og:description\" content=\"Remettre l&#039;Humain au Coeur de l&#039;entreprise\" \/>\n<meta property=\"og:url\" content=\"https:\/\/lumynescence.fr\/index.php\/l4-quelle-est-la-methode\/\" \/>\n<meta property=\"article:modified_time\" content=\"2025-01-23T10:27:52+00:00\" \/>\n<meta property=\"og:image\" content=\"https:\/\/lumynescence.fr\/wp-content\/uploads\/2019\/06\/Boussole-1000.png\" \/>\n\t<meta property=\"og:image:width\" content=\"2000\" \/>\n\t<meta property=\"og:image:height\" content=\"1000\" \/>\n\t<meta property=\"og:image:type\" content=\"image\/png\" \/>\n<meta name=\"twitter:card\" content=\"summary_large_image\" \/>\n<meta name=\"twitter:label1\" content=\"Dur\u00e9e de lecture estim\u00e9e\" \/>\n\t<meta name=\"twitter:data1\" content=\"2 minutes\" \/>\n<script type=\"application\/ld+json\" class=\"yoast-schema-graph\">{\"@context\":\"https:\\\/\\\/schema.org\",\"@graph\":[{\"@type\":\"WebPage\",\"@id\":\"https:\\\/\\\/lumynescence.fr\\\/index.php\\\/l4-quelle-est-la-methode\\\/\",\"url\":\"https:\\\/\\\/lumynescence.fr\\\/index.php\\\/l4-quelle-est-la-methode\\\/\",\"name\":\"L4-Quelle est la m\u00e9thode? -\",\"isPartOf\":{\"@id\":\"https:\\\/\\\/lumynescence.fr\\\/#website\"},\"primaryImageOfPage\":{\"@id\":\"https:\\\/\\\/lumynescence.fr\\\/index.php\\\/l4-quelle-est-la-methode\\\/#primaryimage\"},\"image\":{\"@id\":\"https:\\\/\\\/lumynescence.fr\\\/index.php\\\/l4-quelle-est-la-methode\\\/#primaryimage\"},\"thumbnailUrl\":\"https:\\\/\\\/lumynescence.fr\\\/wp-content\\\/uploads\\\/2019\\\/06\\\/Boussole-1000.png\",\"datePublished\":\"2019-06-21T10:27:56+00:00\",\"dateModified\":\"2025-01-23T10:27:52+00:00\",\"description\":\"Remettre l'Humain au Coeur de l'entreprise\",\"breadcrumb\":{\"@id\":\"https:\\\/\\\/lumynescence.fr\\\/index.php\\\/l4-quelle-est-la-methode\\\/#breadcrumb\"},\"inLanguage\":\"fr-FR\",\"potentialAction\":[{\"@type\":\"ReadAction\",\"target\":[\"https:\\\/\\\/lumynescence.fr\\\/index.php\\\/l4-quelle-est-la-methode\\\/\"]}]},{\"@type\":\"ImageObject\",\"inLanguage\":\"fr-FR\",\"@id\":\"https:\\\/\\\/lumynescence.fr\\\/index.php\\\/l4-quelle-est-la-methode\\\/#primaryimage\",\"url\":\"https:\\\/\\\/lumynescence.fr\\\/wp-content\\\/uploads\\\/2019\\\/06\\\/Boussole-1000.png\",\"contentUrl\":\"https:\\\/\\\/lumynescence.fr\\\/wp-content\\\/uploads\\\/2019\\\/06\\\/Boussole-1000.png\",\"width\":2000,\"height\":1000},{\"@type\":\"BreadcrumbList\",\"@id\":\"https:\\\/\\\/lumynescence.fr\\\/index.php\\\/l4-quelle-est-la-methode\\\/#breadcrumb\",\"itemListElement\":[{\"@type\":\"ListItem\",\"position\":1,\"name\":\"Accueil\",\"item\":\"https:\\\/\\\/lumynescence.fr\\\/\"},{\"@type\":\"ListItem\",\"position\":2,\"name\":\"L4-Quelle est la m\u00e9thode?\"}]},{\"@type\":\"WebSite\",\"@id\":\"https:\\\/\\\/lumynescence.fr\\\/#website\",\"url\":\"https:\\\/\\\/lumynescence.fr\\\/\",\"name\":\"\",\"description\":\"\",\"publisher\":{\"@id\":\"https:\\\/\\\/lumynescence.fr\\\/#organization\"},\"potentialAction\":[{\"@type\":\"SearchAction\",\"target\":{\"@type\":\"EntryPoint\",\"urlTemplate\":\"https:\\\/\\\/lumynescence.fr\\\/?s={search_term_string}\"},\"query-input\":{\"@type\":\"PropertyValueSpecification\",\"valueRequired\":true,\"valueName\":\"search_term_string\"}}],\"inLanguage\":\"fr-FR\"},{\"@type\":\"Organization\",\"@id\":\"https:\\\/\\\/lumynescence.fr\\\/#organization\",\"name\":\"LumYnescence\",\"url\":\"https:\\\/\\\/lumynescence.fr\\\/\",\"logo\":{\"@type\":\"ImageObject\",\"inLanguage\":\"fr-FR\",\"@id\":\"https:\\\/\\\/lumynescence.fr\\\/#\\\/schema\\\/logo\\\/image\\\/\",\"url\":\"http:\\\/\\\/lumynescence.fr\\\/wp-content\\\/uploads\\\/2019\\\/06\\\/Logo-Luminescence-Carr\u00e9-Centr\u00e9.png\",\"contentUrl\":\"http:\\\/\\\/lumynescence.fr\\\/wp-content\\\/uploads\\\/2019\\\/06\\\/Logo-Luminescence-Carr\u00e9-Centr\u00e9.png\",\"width\":300,\"height\":300,\"caption\":\"LumYnescence\"},\"image\":{\"@id\":\"https:\\\/\\\/lumynescence.fr\\\/#\\\/schema\\\/logo\\\/image\\\/\"},\"sameAs\":[\"http:\\\/\\\/linkedin.com\\\/in\\\/c\u00e9cile-fontaine-8b40b287\"]}]}<\/script>\n<!-- \/ Yoast SEO plugin. -->","yoast_head_json":{"title":"L4-Quelle est la m\u00e9thode? -","description":"Remettre l'Humain au Coeur de l'entreprise","robots":{"index":"index","follow":"follow","max-snippet":"max-snippet:-1","max-image-preview":"max-image-preview:large","max-video-preview":"max-video-preview:-1"},"canonical":"https:\/\/lumynescence.fr\/index.php\/l4-quelle-est-la-methode\/","og_locale":"fr_FR","og_type":"article","og_title":"L4-Quelle est la m\u00e9thode? -","og_description":"Remettre l'Humain au Coeur de l'entreprise","og_url":"https:\/\/lumynescence.fr\/index.php\/l4-quelle-est-la-methode\/","article_modified_time":"2025-01-23T10:27:52+00:00","og_image":[{"width":2000,"height":1000,"url":"https:\/\/lumynescence.fr\/wp-content\/uploads\/2019\/06\/Boussole-1000.png","type":"image\/png"}],"twitter_card":"summary_large_image","twitter_misc":{"Dur\u00e9e de lecture estim\u00e9e":"2 minutes"},"schema":{"@context":"https:\/\/schema.org","@graph":[{"@type":"WebPage","@id":"https:\/\/lumynescence.fr\/index.php\/l4-quelle-est-la-methode\/","url":"https:\/\/lumynescence.fr\/index.php\/l4-quelle-est-la-methode\/","name":"L4-Quelle est la m\u00e9thode? -","isPartOf":{"@id":"https:\/\/lumynescence.fr\/#website"},"primaryImageOfPage":{"@id":"https:\/\/lumynescence.fr\/index.php\/l4-quelle-est-la-methode\/#primaryimage"},"image":{"@id":"https:\/\/lumynescence.fr\/index.php\/l4-quelle-est-la-methode\/#primaryimage"},"thumbnailUrl":"https:\/\/lumynescence.fr\/wp-content\/uploads\/2019\/06\/Boussole-1000.png","datePublished":"2019-06-21T10:27:56+00:00","dateModified":"2025-01-23T10:27:52+00:00","description":"Remettre l'Humain au Coeur de l'entreprise","breadcrumb":{"@id":"https:\/\/lumynescence.fr\/index.php\/l4-quelle-est-la-methode\/#breadcrumb"},"inLanguage":"fr-FR","potentialAction":[{"@type":"ReadAction","target":["https:\/\/lumynescence.fr\/index.php\/l4-quelle-est-la-methode\/"]}]},{"@type":"ImageObject","inLanguage":"fr-FR","@id":"https:\/\/lumynescence.fr\/index.php\/l4-quelle-est-la-methode\/#primaryimage","url":"https:\/\/lumynescence.fr\/wp-content\/uploads\/2019\/06\/Boussole-1000.png","contentUrl":"https:\/\/lumynescence.fr\/wp-content\/uploads\/2019\/06\/Boussole-1000.png","width":2000,"height":1000},{"@type":"BreadcrumbList","@id":"https:\/\/lumynescence.fr\/index.php\/l4-quelle-est-la-methode\/#breadcrumb","itemListElement":[{"@type":"ListItem","position":1,"name":"Accueil","item":"https:\/\/lumynescence.fr\/"},{"@type":"ListItem","position":2,"name":"L4-Quelle est la m\u00e9thode?"}]},{"@type":"WebSite","@id":"https:\/\/lumynescence.fr\/#website","url":"https:\/\/lumynescence.fr\/","name":"","description":"","publisher":{"@id":"https:\/\/lumynescence.fr\/#organization"},"potentialAction":[{"@type":"SearchAction","target":{"@type":"EntryPoint","urlTemplate":"https:\/\/lumynescence.fr\/?s={search_term_string}"},"query-input":{"@type":"PropertyValueSpecification","valueRequired":true,"valueName":"search_term_string"}}],"inLanguage":"fr-FR"},{"@type":"Organization","@id":"https:\/\/lumynescence.fr\/#organization","name":"LumYnescence","url":"https:\/\/lumynescence.fr\/","logo":{"@type":"ImageObject","inLanguage":"fr-FR","@id":"https:\/\/lumynescence.fr\/#\/schema\/logo\/image\/","url":"http:\/\/lumynescence.fr\/wp-content\/uploads\/2019\/06\/Logo-Luminescence-Carr\u00e9-Centr\u00e9.png","contentUrl":"http:\/\/lumynescence.fr\/wp-content\/uploads\/2019\/06\/Logo-Luminescence-Carr\u00e9-Centr\u00e9.png","width":300,"height":300,"caption":"LumYnescence"},"image":{"@id":"https:\/\/lumynescence.fr\/#\/schema\/logo\/image\/"},"sameAs":["http:\/\/linkedin.com\/in\/c\u00e9cile-fontaine-8b40b287"]}]}},"_links":{"self":[{"href":"https:\/\/lumynescence.fr\/index.php\/wp-json\/wp\/v2\/pages\/148","targetHints":{"allow":["GET"]}}],"collection":[{"href":"https:\/\/lumynescence.fr\/index.php\/wp-json\/wp\/v2\/pages"}],"about":[{"href":"https:\/\/lumynescence.fr\/index.php\/wp-json\/wp\/v2\/types\/page"}],"author":[{"embeddable":true,"href":"https:\/\/lumynescence.fr\/index.php\/wp-json\/wp\/v2\/users\/3"}],"replies":[{"embeddable":true,"href":"https:\/\/lumynescence.fr\/index.php\/wp-json\/wp\/v2\/comments?post=148"}],"version-history":[{"count":38,"href":"https:\/\/lumynescence.fr\/index.php\/wp-json\/wp\/v2\/pages\/148\/revisions"}],"predecessor-version":[{"id":2437,"href":"https:\/\/lumynescence.fr\/index.php\/wp-json\/wp\/v2\/pages\/148\/revisions\/2437"}],"wp:featuredmedia":[{"embeddable":true,"href":"https:\/\/lumynescence.fr\/index.php\/wp-json\/wp\/v2\/media\/298"}],"wp:attachment":[{"href":"https:\/\/lumynescence.fr\/index.php\/wp-json\/wp\/v2\/media?parent=148"}],"curies":[{"name":"wp","href":"https:\/\/api.w.org\/{rel}","templated":true}]}}