{"id":146,"date":"2019-06-21T12:26:05","date_gmt":"2019-06-21T10:26:05","guid":{"rendered":"http:\/\/lumynescence.fr\/?page_id=146"},"modified":"2025-01-22T17:32:46","modified_gmt":"2025-01-22T16:32:46","slug":"l1-pourquoi-lumynescence","status":"publish","type":"page","link":"https:\/\/lumynescence.fr\/index.php\/l1-pourquoi-lumynescence\/","title":{"rendered":"L1-Pourquoi LumYnescence ?"},"content":{"rendered":"\t\t<div data-elementor-type=\"wp-page\" data-elementor-id=\"146\" class=\"elementor elementor-146\" data-elementor-post-type=\"page\">\n\t\t\t\t\t\t<section class=\"elementor-section elementor-top-section elementor-element elementor-element-28f1149 elementor-section-full_width elementor-section-stretched elementor-section-height-default elementor-section-height-default\" data-id=\"28f1149\" data-element_type=\"section\" data-e-type=\"section\" data-settings=\"{&quot;stretch_section&quot;:&quot;section-stretched&quot;}\">\n\t\t\t\t\t\t<div class=\"elementor-container elementor-column-gap-default\">\n\t\t\t\t\t<div class=\"elementor-column elementor-col-100 elementor-top-column elementor-element elementor-element-e17a3f5\" data-id=\"e17a3f5\" data-element_type=\"column\" data-e-type=\"column\">\n\t\t\t<div class=\"elementor-widget-wrap elementor-element-populated\">\n\t\t\t\t\t\t<div class=\"elementor-element elementor-element-d478bc3 elementor-widget elementor-widget-text-editor\" data-id=\"d478bc3\" data-element_type=\"widget\" data-e-type=\"widget\" data-widget_type=\"text-editor.default\">\n\t\t\t\t<div class=\"elementor-widget-container\">\n\t\t\t\t\t\t\t\t\t<h2 style=\"text-align: center;\"><span style=\"color: #ffffff;\">Lum<em>Y<\/em>nescence<\/span><\/h2>\t\t\t\t\t\t\t\t<\/div>\n\t\t\t\t<\/div>\n\t\t\t\t\t<\/div>\n\t\t<\/div>\n\t\t\t\t\t<\/div>\n\t\t<\/section>\n\t\t\t\t<section class=\"elementor-section elementor-top-section elementor-element elementor-element-48cd62f elementor-section-boxed elementor-section-height-default elementor-section-height-default\" data-id=\"48cd62f\" data-element_type=\"section\" data-e-type=\"section\">\n\t\t\t\t\t\t<div class=\"elementor-container elementor-column-gap-default\">\n\t\t\t\t\t<div class=\"elementor-column elementor-col-100 elementor-top-column elementor-element elementor-element-62ab73a\" data-id=\"62ab73a\" data-element_type=\"column\" data-e-type=\"column\">\n\t\t\t<div class=\"elementor-widget-wrap\">\n\t\t\t\t\t\t\t<\/div>\n\t\t<\/div>\n\t\t\t\t\t<\/div>\n\t\t<\/section>\n\t\t\t\t<section class=\"elementor-section elementor-top-section elementor-element elementor-element-963ebc3 elementor-section-boxed elementor-section-height-default elementor-section-height-default\" data-id=\"963ebc3\" data-element_type=\"section\" data-e-type=\"section\">\n\t\t\t\t\t\t<div class=\"elementor-container elementor-column-gap-default\">\n\t\t\t\t\t<div class=\"elementor-column elementor-col-100 elementor-top-column elementor-element elementor-element-590d879\" data-id=\"590d879\" data-element_type=\"column\" data-e-type=\"column\">\n\t\t\t<div class=\"elementor-widget-wrap elementor-element-populated\">\n\t\t\t\t\t\t<div class=\"elementor-element elementor-element-0ca78e2 elementor-widget elementor-widget-image\" data-id=\"0ca78e2\" data-element_type=\"widget\" data-e-type=\"widget\" data-widget_type=\"image.default\">\n\t\t\t\t<div class=\"elementor-widget-container\">\n\t\t\t\t\t\t\t\t\t\t\t\t\t\t\t<img fetchpriority=\"high\" decoding=\"async\" width=\"800\" height=\"411\" src=\"https:\/\/lumynescence.fr\/wp-content\/uploads\/2023\/12\/AdobeStock_141030764V2-1024x526.jpeg\" class=\"attachment-large size-large wp-image-1577\" alt=\"\" srcset=\"https:\/\/lumynescence.fr\/wp-content\/uploads\/2023\/12\/AdobeStock_141030764V2-1024x526.jpeg 1024w, https:\/\/lumynescence.fr\/wp-content\/uploads\/2023\/12\/AdobeStock_141030764V2-300x154.jpeg 300w, https:\/\/lumynescence.fr\/wp-content\/uploads\/2023\/12\/AdobeStock_141030764V2-768x395.jpeg 768w, https:\/\/lumynescence.fr\/wp-content\/uploads\/2023\/12\/AdobeStock_141030764V2-1536x789.jpeg 1536w, https:\/\/lumynescence.fr\/wp-content\/uploads\/2023\/12\/AdobeStock_141030764V2-2048x1052.jpeg 2048w\" sizes=\"(max-width: 800px) 100vw, 800px\" \/>\t\t\t\t\t\t\t\t\t\t\t\t\t\t\t<\/div>\n\t\t\t\t<\/div>\n\t\t\t\t\t<\/div>\n\t\t<\/div>\n\t\t\t\t\t<\/div>\n\t\t<\/section>\n\t\t\t\t<section class=\"elementor-section elementor-top-section elementor-element elementor-element-6749be36 elementor-section-boxed elementor-section-height-default elementor-section-height-default\" data-id=\"6749be36\" data-element_type=\"section\" data-e-type=\"section\">\n\t\t\t\t\t\t<div class=\"elementor-container elementor-column-gap-default\">\n\t\t\t\t\t<div class=\"elementor-column elementor-col-100 elementor-top-column elementor-element elementor-element-4f5fd4da\" data-id=\"4f5fd4da\" data-element_type=\"column\" data-e-type=\"column\">\n\t\t\t<div class=\"elementor-widget-wrap elementor-element-populated\">\n\t\t\t\t\t\t<div class=\"elementor-element elementor-element-4a5c7b16 elementor-drop-cap-yes elementor-drop-cap-view-default elementor-widget elementor-widget-text-editor\" data-id=\"4a5c7b16\" data-element_type=\"widget\" data-e-type=\"widget\" data-settings=\"{&quot;drop_cap&quot;:&quot;yes&quot;}\" data-widget_type=\"text-editor.default\">\n\t\t\t\t<div class=\"elementor-widget-container\">\n\t\t\t\t\t\t\t\t\t\n<p>Lum<em>Y<\/em>nescence est un cabinet de coaching et formation cr\u00e9\u00e9 en 2018 sp\u00e9cialis\u00e9 dans l\u2019accompagnement des TPE et PME, pour lesquelles nous proposons du sur-mesure favorisant ainsi un suivi de proximit\u00e9 adapt\u00e9 \u00e0 leur configuration.<\/p>\n<p><br \/>A l\u2019origine, C\u00e9cile Fontaine, assistante administrative, commerciale et p\u00e9dagogique puis directrice d\u2019un centre de formation pendant pr\u00e8s de 10 ans. Cette exp\u00e9rience lui a permis de r\u00e9aliser la solitude qui pouvait peser sur des personnes \u00e0 des postes de direction et du manque de cl\u00e9s pour \u2018oser\u2019 manager, car il en faut du courage et de la volont\u00e9 pour devenir un leader respect\u00e9 de ses \u00e9quipes.<\/p>\n<p>L\u2019offre est r\u00e9solument tourn\u00e9e vers l\u2019humain. L\u2019id\u00e9e est de (re)mettre du lien dans les relations, de sortir les dirigeants et managers de leur isolement et de (re)cr\u00e9er une communication fluide pour plus de performance et plus de bien-\u00eatre dans l\u2019entreprise.<\/p>\n\n<p class=\"has-drop-cap has-very-dark-gray-color has-text-color\" style=\"font-size: 15px;\">\u00a0<\/p>\n\t\t\t\t\t\t\t\t<\/div>\n\t\t\t\t<\/div>\n\t\t\t\t\t<\/div>\n\t\t<\/div>\n\t\t\t\t\t<\/div>\n\t\t<\/section>\n\t\t\t\t<\/div>\n\t\t","protected":false},"excerpt":{"rendered":"<p>LumYnescence LumYnescence est un cabinet de coaching et formation cr\u00e9\u00e9 en 2018 sp\u00e9cialis\u00e9 dans l\u2019accompagnement des TPE et PME, pour lesquelles nous proposons du sur-mesure favorisant ainsi un suivi de proximit\u00e9 adapt\u00e9 \u00e0 leur configuration. A l\u2019origine, C\u00e9cile Fontaine, assistante administrative, commerciale et p\u00e9dagogique puis directrice d\u2019un centre de formation pendant pr\u00e8s de 10 ans. [&hellip;]<\/p>\n","protected":false},"author":3,"featured_media":191,"parent":0,"menu_order":0,"comment_status":"closed","ping_status":"closed","template":"","meta":{"footnotes":""},"class_list":["post-146","page","type-page","status-publish","has-post-thumbnail","hentry"],"aioseo_notices":[],"yoast_head":"<!-- This site is optimized with the Yoast SEO plugin v27.3 - https:\/\/yoast.com\/product\/yoast-seo-wordpress\/ -->\n<title>L1-Pourquoi LumYnescence ? -<\/title>\n<meta name=\"description\" content=\"Remettre l&#039;Humain au Coeur de l&#039;entreprise\" \/>\n<meta name=\"robots\" content=\"index, follow, max-snippet:-1, max-image-preview:large, max-video-preview:-1\" \/>\n<link rel=\"canonical\" href=\"https:\/\/lumynescence.fr\/index.php\/l1-pourquoi-lumynescence\/\" \/>\n<meta property=\"og:locale\" content=\"fr_FR\" \/>\n<meta property=\"og:type\" content=\"article\" \/>\n<meta property=\"og:title\" content=\"L1-Pourquoi LumYnescence ? -\" \/>\n<meta property=\"og:description\" content=\"Remettre l&#039;Humain au Coeur de l&#039;entreprise\" \/>\n<meta property=\"og:url\" content=\"https:\/\/lumynescence.fr\/index.php\/l1-pourquoi-lumynescence\/\" \/>\n<meta property=\"article:modified_time\" content=\"2025-01-22T16:32:46+00:00\" \/>\n<meta property=\"og:image\" content=\"https:\/\/lumynescence.fr\/wp-content\/uploads\/2019\/06\/Arbre.jpeg\" \/>\n\t<meta property=\"og:image:width\" content=\"2000\" \/>\n\t<meta property=\"og:image:height\" content=\"1028\" \/>\n\t<meta property=\"og:image:type\" content=\"image\/jpeg\" \/>\n<meta name=\"twitter:card\" content=\"summary_large_image\" \/>\n<meta name=\"twitter:label1\" content=\"Dur\u00e9e de lecture estim\u00e9e\" \/>\n\t<meta name=\"twitter:data1\" content=\"1 minute\" \/>\n<script type=\"application\/ld+json\" class=\"yoast-schema-graph\">{\"@context\":\"https:\\\/\\\/schema.org\",\"@graph\":[{\"@type\":\"WebPage\",\"@id\":\"https:\\\/\\\/lumynescence.fr\\\/index.php\\\/l1-pourquoi-lumynescence\\\/\",\"url\":\"https:\\\/\\\/lumynescence.fr\\\/index.php\\\/l1-pourquoi-lumynescence\\\/\",\"name\":\"L1-Pourquoi LumYnescence ? -\",\"isPartOf\":{\"@id\":\"https:\\\/\\\/lumynescence.fr\\\/#website\"},\"primaryImageOfPage\":{\"@id\":\"https:\\\/\\\/lumynescence.fr\\\/index.php\\\/l1-pourquoi-lumynescence\\\/#primaryimage\"},\"image\":{\"@id\":\"https:\\\/\\\/lumynescence.fr\\\/index.php\\\/l1-pourquoi-lumynescence\\\/#primaryimage\"},\"thumbnailUrl\":\"https:\\\/\\\/lumynescence.fr\\\/wp-content\\\/uploads\\\/2019\\\/06\\\/Arbre.jpeg\",\"datePublished\":\"2019-06-21T10:26:05+00:00\",\"dateModified\":\"2025-01-22T16:32:46+00:00\",\"description\":\"Remettre l'Humain au Coeur de l'entreprise\",\"breadcrumb\":{\"@id\":\"https:\\\/\\\/lumynescence.fr\\\/index.php\\\/l1-pourquoi-lumynescence\\\/#breadcrumb\"},\"inLanguage\":\"fr-FR\",\"potentialAction\":[{\"@type\":\"ReadAction\",\"target\":[\"https:\\\/\\\/lumynescence.fr\\\/index.php\\\/l1-pourquoi-lumynescence\\\/\"]}]},{\"@type\":\"ImageObject\",\"inLanguage\":\"fr-FR\",\"@id\":\"https:\\\/\\\/lumynescence.fr\\\/index.php\\\/l1-pourquoi-lumynescence\\\/#primaryimage\",\"url\":\"https:\\\/\\\/lumynescence.fr\\\/wp-content\\\/uploads\\\/2019\\\/06\\\/Arbre.jpeg\",\"contentUrl\":\"https:\\\/\\\/lumynescence.fr\\\/wp-content\\\/uploads\\\/2019\\\/06\\\/Arbre.jpeg\",\"width\":2000,\"height\":1028},{\"@type\":\"BreadcrumbList\",\"@id\":\"https:\\\/\\\/lumynescence.fr\\\/index.php\\\/l1-pourquoi-lumynescence\\\/#breadcrumb\",\"itemListElement\":[{\"@type\":\"ListItem\",\"position\":1,\"name\":\"Accueil\",\"item\":\"https:\\\/\\\/lumynescence.fr\\\/\"},{\"@type\":\"ListItem\",\"position\":2,\"name\":\"L1-Pourquoi LumYnescence ?\"}]},{\"@type\":\"WebSite\",\"@id\":\"https:\\\/\\\/lumynescence.fr\\\/#website\",\"url\":\"https:\\\/\\\/lumynescence.fr\\\/\",\"name\":\"\",\"description\":\"\",\"publisher\":{\"@id\":\"https:\\\/\\\/lumynescence.fr\\\/#organization\"},\"potentialAction\":[{\"@type\":\"SearchAction\",\"target\":{\"@type\":\"EntryPoint\",\"urlTemplate\":\"https:\\\/\\\/lumynescence.fr\\\/?s={search_term_string}\"},\"query-input\":{\"@type\":\"PropertyValueSpecification\",\"valueRequired\":true,\"valueName\":\"search_term_string\"}}],\"inLanguage\":\"fr-FR\"},{\"@type\":\"Organization\",\"@id\":\"https:\\\/\\\/lumynescence.fr\\\/#organization\",\"name\":\"LumYnescence\",\"url\":\"https:\\\/\\\/lumynescence.fr\\\/\",\"logo\":{\"@type\":\"ImageObject\",\"inLanguage\":\"fr-FR\",\"@id\":\"https:\\\/\\\/lumynescence.fr\\\/#\\\/schema\\\/logo\\\/image\\\/\",\"url\":\"http:\\\/\\\/lumynescence.fr\\\/wp-content\\\/uploads\\\/2019\\\/06\\\/Logo-Luminescence-Carr\u00e9-Centr\u00e9.png\",\"contentUrl\":\"http:\\\/\\\/lumynescence.fr\\\/wp-content\\\/uploads\\\/2019\\\/06\\\/Logo-Luminescence-Carr\u00e9-Centr\u00e9.png\",\"width\":300,\"height\":300,\"caption\":\"LumYnescence\"},\"image\":{\"@id\":\"https:\\\/\\\/lumynescence.fr\\\/#\\\/schema\\\/logo\\\/image\\\/\"},\"sameAs\":[\"http:\\\/\\\/linkedin.com\\\/in\\\/c\u00e9cile-fontaine-8b40b287\"]}]}<\/script>\n<!-- \/ Yoast SEO plugin. -->","yoast_head_json":{"title":"L1-Pourquoi LumYnescence ? -","description":"Remettre l'Humain au Coeur de l'entreprise","robots":{"index":"index","follow":"follow","max-snippet":"max-snippet:-1","max-image-preview":"max-image-preview:large","max-video-preview":"max-video-preview:-1"},"canonical":"https:\/\/lumynescence.fr\/index.php\/l1-pourquoi-lumynescence\/","og_locale":"fr_FR","og_type":"article","og_title":"L1-Pourquoi LumYnescence ? -","og_description":"Remettre l'Humain au Coeur de l'entreprise","og_url":"https:\/\/lumynescence.fr\/index.php\/l1-pourquoi-lumynescence\/","article_modified_time":"2025-01-22T16:32:46+00:00","og_image":[{"width":2000,"height":1028,"url":"https:\/\/lumynescence.fr\/wp-content\/uploads\/2019\/06\/Arbre.jpeg","type":"image\/jpeg"}],"twitter_card":"summary_large_image","twitter_misc":{"Dur\u00e9e de lecture estim\u00e9e":"1 minute"},"schema":{"@context":"https:\/\/schema.org","@graph":[{"@type":"WebPage","@id":"https:\/\/lumynescence.fr\/index.php\/l1-pourquoi-lumynescence\/","url":"https:\/\/lumynescence.fr\/index.php\/l1-pourquoi-lumynescence\/","name":"L1-Pourquoi LumYnescence ? -","isPartOf":{"@id":"https:\/\/lumynescence.fr\/#website"},"primaryImageOfPage":{"@id":"https:\/\/lumynescence.fr\/index.php\/l1-pourquoi-lumynescence\/#primaryimage"},"image":{"@id":"https:\/\/lumynescence.fr\/index.php\/l1-pourquoi-lumynescence\/#primaryimage"},"thumbnailUrl":"https:\/\/lumynescence.fr\/wp-content\/uploads\/2019\/06\/Arbre.jpeg","datePublished":"2019-06-21T10:26:05+00:00","dateModified":"2025-01-22T16:32:46+00:00","description":"Remettre l'Humain au Coeur de l'entreprise","breadcrumb":{"@id":"https:\/\/lumynescence.fr\/index.php\/l1-pourquoi-lumynescence\/#breadcrumb"},"inLanguage":"fr-FR","potentialAction":[{"@type":"ReadAction","target":["https:\/\/lumynescence.fr\/index.php\/l1-pourquoi-lumynescence\/"]}]},{"@type":"ImageObject","inLanguage":"fr-FR","@id":"https:\/\/lumynescence.fr\/index.php\/l1-pourquoi-lumynescence\/#primaryimage","url":"https:\/\/lumynescence.fr\/wp-content\/uploads\/2019\/06\/Arbre.jpeg","contentUrl":"https:\/\/lumynescence.fr\/wp-content\/uploads\/2019\/06\/Arbre.jpeg","width":2000,"height":1028},{"@type":"BreadcrumbList","@id":"https:\/\/lumynescence.fr\/index.php\/l1-pourquoi-lumynescence\/#breadcrumb","itemListElement":[{"@type":"ListItem","position":1,"name":"Accueil","item":"https:\/\/lumynescence.fr\/"},{"@type":"ListItem","position":2,"name":"L1-Pourquoi LumYnescence ?"}]},{"@type":"WebSite","@id":"https:\/\/lumynescence.fr\/#website","url":"https:\/\/lumynescence.fr\/","name":"","description":"","publisher":{"@id":"https:\/\/lumynescence.fr\/#organization"},"potentialAction":[{"@type":"SearchAction","target":{"@type":"EntryPoint","urlTemplate":"https:\/\/lumynescence.fr\/?s={search_term_string}"},"query-input":{"@type":"PropertyValueSpecification","valueRequired":true,"valueName":"search_term_string"}}],"inLanguage":"fr-FR"},{"@type":"Organization","@id":"https:\/\/lumynescence.fr\/#organization","name":"LumYnescence","url":"https:\/\/lumynescence.fr\/","logo":{"@type":"ImageObject","inLanguage":"fr-FR","@id":"https:\/\/lumynescence.fr\/#\/schema\/logo\/image\/","url":"http:\/\/lumynescence.fr\/wp-content\/uploads\/2019\/06\/Logo-Luminescence-Carr\u00e9-Centr\u00e9.png","contentUrl":"http:\/\/lumynescence.fr\/wp-content\/uploads\/2019\/06\/Logo-Luminescence-Carr\u00e9-Centr\u00e9.png","width":300,"height":300,"caption":"LumYnescence"},"image":{"@id":"https:\/\/lumynescence.fr\/#\/schema\/logo\/image\/"},"sameAs":["http:\/\/linkedin.com\/in\/c\u00e9cile-fontaine-8b40b287"]}]}},"_links":{"self":[{"href":"https:\/\/lumynescence.fr\/index.php\/wp-json\/wp\/v2\/pages\/146","targetHints":{"allow":["GET"]}}],"collection":[{"href":"https:\/\/lumynescence.fr\/index.php\/wp-json\/wp\/v2\/pages"}],"about":[{"href":"https:\/\/lumynescence.fr\/index.php\/wp-json\/wp\/v2\/types\/page"}],"author":[{"embeddable":true,"href":"https:\/\/lumynescence.fr\/index.php\/wp-json\/wp\/v2\/users\/3"}],"replies":[{"embeddable":true,"href":"https:\/\/lumynescence.fr\/index.php\/wp-json\/wp\/v2\/comments?post=146"}],"version-history":[{"count":36,"href":"https:\/\/lumynescence.fr\/index.php\/wp-json\/wp\/v2\/pages\/146\/revisions"}],"predecessor-version":[{"id":2396,"href":"https:\/\/lumynescence.fr\/index.php\/wp-json\/wp\/v2\/pages\/146\/revisions\/2396"}],"wp:featuredmedia":[{"embeddable":true,"href":"https:\/\/lumynescence.fr\/index.php\/wp-json\/wp\/v2\/media\/191"}],"wp:attachment":[{"href":"https:\/\/lumynescence.fr\/index.php\/wp-json\/wp\/v2\/media?parent=146"}],"curies":[{"name":"wp","href":"https:\/\/api.w.org\/{rel}","templated":true}]}}